{"id":119,"date":"2018-11-01T04:32:21","date_gmt":"2018-11-01T01:32:21","guid":{"rendered":"http:\/\/localhost\/industro\/?page_id=119"},"modified":"2023-08-07T10:11:44","modified_gmt":"2023-08-07T07:11:44","slug":"iletisim","status":"publish","type":"page","link":"https:\/\/yektaenerji.com\/en\/iletisim\/","title":{"rendered":"Contact"},"content":{"rendered":"<section data-vc-full-width=\"true\" data-vc-full-width-init=\"false\" data-vc-stretch-content=\"true\" class=\"wpb_row vc_row-fluid vc_row-full-width vc_row-no-padding\"><div class=\"vc_row\"><div class=\"wpb_column vc_column_container vc_col-sm-12\"><div class=\"vc_column-inner\"><div class=\"wpb_wrapper\"><div class=\"wpb_gmaps_widget wpb_content_element vc_custom_1654686158706\"><div class=\"wpb_wrapper\"><div class=\"wpb_map_wraper\"><iframe src=\"https:\/\/www.google.com\/maps\/embed?pb=!1m18!1m12!1m3!1d3062.517092731408!2d32.70982296192146!3d39.862653825670975!2m3!1f0!2f0!3f0!3m2!1i1024!2i768!4f13.1!3m3!1m2!1s0x14d339d04d6bdfdf%3A0xa27b7a161af1da47!2sYEKTA%20ENERJ%C4%B0!5e0!3m2!1str!2str!4v1654686149068!5m2!1str!2str\" width=\"600\" height=\"450\" style=\"border:0;\" allowfullscreen=\"\" loading=\"lazy\" referrerpolicy=\"no-referrer-when-downgrade\"><\/iframe><\/div><\/div><\/div><\/div><\/div><\/div><\/div><\/section><div class=\"vc_row-full-width vc_clearfix\"><\/div><section class=\"wpb_row vc_row-fluid vc_custom_1541146563758\"><div class=\"container\"><div class=\"vc_row\"><div class=\"wpb_column vc_column_container vc_col-sm-12 vc_col-md-5\"><div class=\"vc_column-inner\"><div class=\"wpb_wrapper\"><h2 style=\"text-align: left\" class=\"vc_custom_heading vc_custom_1654564522100\" >Our Contact Information<\/h2>\n\t<div class=\"wpb_text_column wpb_content_element\" >\n\t\t<div class=\"wpb_wrapper\">\n\t\t\t<p>For any questions and suggestions regarding solar energy and our company, feel free to get in touch with us<\/p>\n\n\t\t<\/div>\n\t<\/div>\n\n    <div class=\"contact-info\">\n        <i class=\"fas fa-map-marker-alt\"><\/i>\n        <div class=\"info\">\n            <h5>Address<\/h5>\n            <p>Beytepe Mah. 5395 Sok. No: 2A\/1<br \/>\nMira Ofisleri\u00a0\u00c7ankaya \/ ANKARA<\/p>\n        <\/div>\n    <\/div>\n\n\n    <div class=\"contact-info\">\n        <i class=\"fas fa-envelope-open\"><\/i>\n        <div class=\"info\">\n            <h5>Email<\/h5>\n            <p><a href=\"mailto:info@yektaenerji.com\">info@yektaenerji.com<\/a><\/p>\n        <\/div>\n    <\/div>\n\n\n    <div class=\"contact-info\">\n        <i class=\"fas fa-phone-alt\"><\/i>\n        <div class=\"info\">\n            <h5>Phone<\/h5>\n            <p><a href=\"tel: 90 (312) 394 60 98\">+90 (312) 394 60 98 <\/a><\/p>\n        <\/div>\n    <\/div>\n\n<\/div><\/div><\/div><div class=\"wpb_column vc_column_container vc_col-sm-12 vc_col-md-7\"><div class=\"vc_column-inner\"><div class=\"wpb_wrapper\"><h2 style=\"text-align: left\" class=\"vc_custom_heading vc_custom_1654564818780\" >Contact Us<\/h2>\n<div class=\"wpcf7 no-js\" id=\"wpcf7-f118-o1\" lang=\"en-US\" dir=\"ltr\">\n<div class=\"screen-reader-response\"><p role=\"status\" aria-live=\"polite\" aria-atomic=\"true\"><\/p> <ul><\/ul><\/div>\n<form action=\"\/en\/wp-json\/wp\/v2\/pages\/119#wpcf7-f118-o1\" method=\"post\" class=\"wpcf7-form init\" aria-label=\"Contact form\" novalidate=\"novalidate\" data-status=\"init\" data-trp-original-action=\"\/en\/wp-json\/wp\/v2\/pages\/119#wpcf7-f118-o1\">\n<div style=\"display: none;\">\n<input type=\"hidden\" name=\"_wpcf7\" value=\"118\" \/>\n<input type=\"hidden\" name=\"_wpcf7_version\" value=\"5.8\" \/>\n<input type=\"hidden\" name=\"_wpcf7_locale\" value=\"en_US\" \/>\n<input type=\"hidden\" name=\"_wpcf7_unit_tag\" value=\"wpcf7-f118-o1\" \/>\n<input type=\"hidden\" name=\"_wpcf7_container_post\" value=\"0\" \/>\n<input type=\"hidden\" name=\"_wpcf7_posted_data_hash\" value=\"\" \/>\n<\/div>\n<p><span class=\"wpcf7-form-control-wrap\" data-name=\"your-name\"><input size=\"40\" class=\"wpcf7-form-control wpcf7-text wpcf7-validates-as-required\" aria-required=\"true\" aria-invalid=\"false\" placeholder=\"Name Surname\" value=\"\" type=\"text\" name=\"your-name\" \/><\/span>\n<\/p>\n<p><span class=\"wpcf7-form-control-wrap\" data-name=\"your-email\"><input size=\"40\" class=\"wpcf7-form-control wpcf7-email wpcf7-validates-as-required wpcf7-text wpcf7-validates-as-email\" aria-required=\"true\" aria-invalid=\"false\" placeholder=\"E-mail Address\" value=\"\" type=\"email\" name=\"your-email\" \/><\/span>\n<\/p>\n<p><span class=\"wpcf7-form-control-wrap\" data-name=\"tel-432\"><input size=\"40\" class=\"wpcf7-form-control wpcf7-tel wpcf7-text wpcf7-validates-as-tel\" aria-invalid=\"false\" placeholder=\"Phone Number\" value=\"\" type=\"tel\" name=\"tel-432\" \/><\/span>\n<\/p>\n<p><span class=\"wpcf7-form-control-wrap\" data-name=\"your-company\"><input size=\"40\" class=\"wpcf7-form-control wpcf7-text\" aria-invalid=\"false\" placeholder=\"Subject\" value=\"\" type=\"text\" name=\"your-company\" \/><\/span>\n<\/p>\n<p><span class=\"wpcf7-form-control-wrap\" data-name=\"your-message\"><textarea cols=\"40\" rows=\"10\" class=\"wpcf7-form-control wpcf7-textarea wpcf7-validates-as-required\" aria-required=\"true\" aria-invalid=\"false\" placeholder=\"Messages\" name=\"your-message\"><\/textarea><\/span>\n<\/p>\n<p><input class=\"wpcf7-form-control wpcf7-submit has-spinner btn btn-large\" type=\"submit\" value=\"G\u00f6nder\" \/>\n<\/p><div class=\"wpcf7-response-output\" aria-hidden=\"true\"><\/div>\n<input type=\"hidden\" name=\"trp-form-language\" value=\"en\"\/><\/form>\n<\/div>\n<\/div><\/div><\/div><\/div><\/div><\/section>","protected":false},"excerpt":{"rendered":"\u0130leti\u015fim bilgilerimiz Solar enerji ve firmam\u0131z konusunda her t\u00fcrl\u00fc soru ve \u00f6nerileriniz i\u00e7in bizimle ileti\u015fime ge\u00e7ebilirsiniz. Adres Beytepe Mah. 5395 Sok. No: 2A\/1 Mira Ofisleri\u00a0\u00c7ankaya \/ ANKARA Email info@yektaenerji.com Telefon +90 (312) 394 60 98 Bize Yaz\u0131n","protected":false},"author":1,"featured_media":0,"parent":0,"menu_order":0,"comment_status":"closed","ping_status":"closed","template":"","meta":{"footnotes":""},"class_list":["post-119","page","type-page","status-publish","hentry"],"yoast_head":"<!-- This site is optimized with the Yoast SEO Premium plugin v17.8 (Yoast SEO v20.12) - https:\/\/yoast.com\/wordpress\/plugins\/seo\/ -->\n<title>\u0130leti\u015fim - Yekta Enerji<\/title>\n<meta name=\"robots\" content=\"index, follow, max-snippet:-1, max-image-preview:large, max-video-preview:-1\" \/>\n<link rel=\"canonical\" href=\"https:\/\/yektaenerji.com\/en\/iletisim\/\" \/>\n<meta property=\"og:locale\" content=\"en_US\" \/>\n<meta property=\"og:type\" content=\"article\" \/>\n<meta property=\"og:title\" content=\"\u0130leti\u015fim\" \/>\n<meta property=\"og:url\" content=\"https:\/\/yektaenerji.com\/en\/iletisim\/\" \/>\n<meta property=\"og:site_name\" content=\"Yekta Enerji\" \/>\n<meta property=\"article:modified_time\" content=\"2023-08-07T07:11:44+00:00\" \/>\n<meta name=\"twitter:card\" content=\"summary_large_image\" \/>\n<meta name=\"twitter:label1\" content=\"Est. reading time\" \/>\n\t<meta name=\"twitter:data1\" content=\"1 minute\" \/>\n<script type=\"application\/ld+json\" class=\"yoast-schema-graph\">{\"@context\":\"https:\/\/schema.org\",\"@graph\":[{\"@type\":\"WebPage\",\"@id\":\"https:\/\/yektaenerji.com\/iletisim\/\",\"url\":\"https:\/\/yektaenerji.com\/iletisim\/\",\"name\":\"\u0130leti\u015fim - Yekta Enerji\",\"isPartOf\":{\"@id\":\"https:\/\/yektaenerji.com\/#website\"},\"datePublished\":\"2018-11-01T01:32:21+00:00\",\"dateModified\":\"2023-08-07T07:11:44+00:00\",\"breadcrumb\":{\"@id\":\"https:\/\/yektaenerji.com\/iletisim\/#breadcrumb\"},\"inLanguage\":\"en-US\",\"potentialAction\":[{\"@type\":\"ReadAction\",\"target\":[\"https:\/\/yektaenerji.com\/iletisim\/\"]}]},{\"@type\":\"BreadcrumbList\",\"@id\":\"https:\/\/yektaenerji.com\/iletisim\/#breadcrumb\",\"itemListElement\":[{\"@type\":\"ListItem\",\"position\":1,\"name\":\"Home\",\"item\":\"https:\/\/yektaenerji.com\/\"},{\"@type\":\"ListItem\",\"position\":2,\"name\":\"\u0130leti\u015fim\"}]},{\"@type\":\"WebSite\",\"@id\":\"https:\/\/yektaenerji.com\/#website\",\"url\":\"https:\/\/yektaenerji.com\/\",\"name\":\"Yekta Enerji\",\"description\":\"T\u00fcm T\u00fcrkiyeye Ye\u015fil Enerji\",\"publisher\":{\"@id\":\"https:\/\/yektaenerji.com\/#organization\"},\"potentialAction\":[{\"@type\":\"SearchAction\",\"target\":{\"@type\":\"EntryPoint\",\"urlTemplate\":\"https:\/\/yektaenerji.com\/?s={search_term_string}\"},\"query-input\":\"required name=search_term_string\"}],\"inLanguage\":\"en-US\"},{\"@type\":\"Organization\",\"@id\":\"https:\/\/yektaenerji.com\/#organization\",\"name\":\"Yekta Enerji Hizmetleri\",\"url\":\"https:\/\/yektaenerji.com\/\",\"logo\":{\"@type\":\"ImageObject\",\"inLanguage\":\"en-US\",\"@id\":\"https:\/\/yektaenerji.com\/#\/schema\/logo\/image\/\",\"url\":\"http:\/\/www.yektaenerji.com\/wp-content\/uploads\/2022\/06\/yekta_enerji.png\",\"contentUrl\":\"http:\/\/www.yektaenerji.com\/wp-content\/uploads\/2022\/06\/yekta_enerji.png\",\"width\":1831,\"height\":541,\"caption\":\"Yekta Enerji Hizmetleri\"},\"image\":{\"@id\":\"https:\/\/yektaenerji.com\/#\/schema\/logo\/image\/\"}}]}<\/script>\n<!-- \/ Yoast SEO Premium plugin. -->","yoast_head_json":{"title":"\u0130leti\u015fim - Yekta Enerji","robots":{"index":"index","follow":"follow","max-snippet":"max-snippet:-1","max-image-preview":"max-image-preview:large","max-video-preview":"max-video-preview:-1"},"canonical":"https:\/\/yektaenerji.com\/en\/iletisim\/","og_locale":"en_US","og_type":"article","og_title":"\u0130leti\u015fim","og_url":"https:\/\/yektaenerji.com\/en\/iletisim\/","og_site_name":"Yekta Enerji","article_modified_time":"2023-08-07T07:11:44+00:00","twitter_card":"summary_large_image","twitter_misc":{"Est. reading time":"1 minute"},"schema":{"@context":"https:\/\/schema.org","@graph":[{"@type":"WebPage","@id":"https:\/\/yektaenerji.com\/iletisim\/","url":"https:\/\/yektaenerji.com\/iletisim\/","name":"\u0130leti\u015fim - Yekta Enerji","isPartOf":{"@id":"https:\/\/yektaenerji.com\/#website"},"datePublished":"2018-11-01T01:32:21+00:00","dateModified":"2023-08-07T07:11:44+00:00","breadcrumb":{"@id":"https:\/\/yektaenerji.com\/iletisim\/#breadcrumb"},"inLanguage":"en-US","potentialAction":[{"@type":"ReadAction","target":["https:\/\/yektaenerji.com\/iletisim\/"]}]},{"@type":"BreadcrumbList","@id":"https:\/\/yektaenerji.com\/iletisim\/#breadcrumb","itemListElement":[{"@type":"ListItem","position":1,"name":"Home","item":"https:\/\/yektaenerji.com\/"},{"@type":"ListItem","position":2,"name":"\u0130leti\u015fim"}]},{"@type":"WebSite","@id":"https:\/\/yektaenerji.com\/#website","url":"https:\/\/yektaenerji.com\/","name":"Yekta Enerji","description":"T\u00fcm T\u00fcrkiyeye Ye\u015fil Enerji","publisher":{"@id":"https:\/\/yektaenerji.com\/#organization"},"potentialAction":[{"@type":"SearchAction","target":{"@type":"EntryPoint","urlTemplate":"https:\/\/yektaenerji.com\/?s={search_term_string}"},"query-input":"required name=search_term_string"}],"inLanguage":"en-US"},{"@type":"Organization","@id":"https:\/\/yektaenerji.com\/#organization","name":"Yekta Enerji Hizmetleri","url":"https:\/\/yektaenerji.com\/","logo":{"@type":"ImageObject","inLanguage":"en-US","@id":"https:\/\/yektaenerji.com\/#\/schema\/logo\/image\/","url":"http:\/\/www.yektaenerji.com\/wp-content\/uploads\/2022\/06\/yekta_enerji.png","contentUrl":"http:\/\/www.yektaenerji.com\/wp-content\/uploads\/2022\/06\/yekta_enerji.png","width":1831,"height":541,"caption":"Yekta Enerji Hizmetleri"},"image":{"@id":"https:\/\/yektaenerji.com\/#\/schema\/logo\/image\/"}}]}},"_links":{"self":[{"href":"https:\/\/yektaenerji.com\/en\/wp-json\/wp\/v2\/pages\/119","targetHints":{"allow":["GET"]}}],"collection":[{"href":"https:\/\/yektaenerji.com\/en\/wp-json\/wp\/v2\/pages"}],"about":[{"href":"https:\/\/yektaenerji.com\/en\/wp-json\/wp\/v2\/types\/page"}],"author":[{"embeddable":true,"href":"https:\/\/yektaenerji.com\/en\/wp-json\/wp\/v2\/users\/1"}],"replies":[{"embeddable":true,"href":"https:\/\/yektaenerji.com\/en\/wp-json\/wp\/v2\/comments?post=119"}],"version-history":[{"count":0,"href":"https:\/\/yektaenerji.com\/en\/wp-json\/wp\/v2\/pages\/119\/revisions"}],"wp:attachment":[{"href":"https:\/\/yektaenerji.com\/en\/wp-json\/wp\/v2\/media?parent=119"}],"curies":[{"name":"wp","href":"https:\/\/api.w.org\/{rel}","templated":true}]}}