{"id":172,"date":"2018-11-20T03:03:42","date_gmt":"2018-11-20T03:03:42","guid":{"rendered":"http:\/\/localhost\/industro\/?page_id=172"},"modified":"2024-04-29T14:27:04","modified_gmt":"2024-04-29T11:27:04","slug":"home-1","status":"publish","type":"page","link":"https:\/\/yektaenerji.com\/en\/","title":{"rendered":"Home"},"content":{"rendered":"<section data-vc-full-width=\"true\" data-vc-full-width-init=\"false\" data-vc-stretch-content=\"true\" class=\"wpb_row vc_row-fluid vc_row-full-width vc_row-no-padding\"><div class=\"vc_row\"><div class=\"wpb_column vc_column_container vc_col-sm-12\"><div class=\"vc_column-inner\"><div class=\"wpb_wrapper\"><div class=\"wpb_revslider_element wpb_content_element\">\n\t\t\t<!-- START Home 1 REVOLUTION SLIDER 6.5.20 --><p class=\"rs-p-wp-fix\"><\/p>\n\t\t\t<rs-module-wrap id=\"rev_slider_1_1_wrapper\" data-source=\"gallery\" style=\"visibility:hidden;background:transparent;padding:0;margin:0px auto;margin-top:0;margin-bottom:0;\">\n\t\t\t\t<rs-module id=\"rev_slider_1_1\" style=\"\" data-version=\"6.5.20\">\n\t\t\t\t\t<rs-slides>\n\t\t\t\t\t\t<rs-slide style=\"position: absolute;\" data-key=\"rs-1\" data-title=\"Slide\" data-thumb=\"\/\/yektaenerji.com\/wp-content\/uploads\/2022\/08\/01-1-100x50.jpg\" data-in=\"o:0;x:100%;\" data-out=\"a:false;\">\n\t\t\t\t\t\t\t<img loading=\"lazy\" decoding=\"async\" src=\"\/\/yektaenerji.com\/wp-content\/plugins\/revslider\/public\/assets\/assets\/dummy.png\" alt=\"\" title=\"01\" width=\"1600\" height=\"900\" class=\"rev-slidebg tp-rs-img rs-lazyload\" data-lazyload=\"\/\/yektaenerji.com\/wp-content\/uploads\/2022\/08\/01-1.jpg\" data-no-retina>\n<!--\n\t\t\t\t\t\t\t--><rs-layer\n\t\t\t\t\t\t\t\tid=\"slider-1-slide-1-layer-0\" \n\t\t\t\t\t\t\t\tdata-type=\"object\"\n\t\t\t\t\t\t\t\tdata-rsp_ch=\"on\"\n\t\t\t\t\t\t\t\tdata-xy=\"x:50px;y:250px;\"\n\t\t\t\t\t\t\t\tdata-text=\"w:normal;\"\n\t\t\t\t\t\t\t\tdata-frame_999=\"o:0;st:w;\"\n\t\t\t\t\t\t\t\tstyle=\"z-index:8;font-family:'Roboto';\"\n\t\t\t\t\t\t\t> \n\t\t\t\t\t\t\t<\/rs-layer><!--\n\n\t\t\t\t\t\t\t--><rs-layer\n\t\t\t\t\t\t\t\tid=\"slider-1-slide-1-layer-3\" \n\t\t\t\t\t\t\t\tdata-type=\"text\"\n\t\t\t\t\t\t\t\tdata-color=\"#ffffff\"\n\t\t\t\t\t\t\t\tdata-rsp_ch=\"on\"\n\t\t\t\t\t\t\t\tdata-xy=\"x:30px;y:300px;\"\n\t\t\t\t\t\t\t\tdata-text=\"s:40;l:68;fw:300;a:inherit;\"\n\t\t\t\t\t\t\t\tdata-dim=\"w:863px;\"\n\t\t\t\t\t\t\t\tdata-frame_0=\"y:100%;\"\n\t\t\t\t\t\t\t\tdata-frame_0_mask=\"u:t;\"\n\t\t\t\t\t\t\t\tdata-frame_1=\"e:power4.inOut;st:100;sp:2000;sR:100;\"\n\t\t\t\t\t\t\t\tdata-frame_1_mask=\"u:t;\"\n\t\t\t\t\t\t\t\tdata-frame_999=\"o:0;st:w;sR:4900;\"\n\t\t\t\t\t\t\t\tstyle=\"z-index:6;font-family:'Roboto';\"\n\t\t\t\t\t\t\t>G\u00fcne\u015ften Ald\u0131\u011f\u0131m\u0131z G\u00fc\u00e7le Yar\u0131n\u0131 \u015eekillendiriyoruz \n\t\t\t\t\t\t\t<\/rs-layer><!--\n-->\t\t\t\t\t\t<\/rs-slide>\n\t\t\t\t\t\t<rs-slide style=\"position: absolute;\" data-key=\"rs-3\" data-title=\"Slide\" data-thumb=\"\/\/yektaenerji.com\/wp-content\/uploads\/2022\/08\/03-100x50.jpg\" data-in=\"o:0;x:100%;\" data-out=\"a:false;\">\n\t\t\t\t\t\t\t<img loading=\"lazy\" decoding=\"async\" src=\"\/\/yektaenerji.com\/wp-content\/plugins\/revslider\/public\/assets\/assets\/dummy.png\" alt=\"\" title=\"03\" width=\"1600\" height=\"900\" class=\"rev-slidebg tp-rs-img rs-lazyload\" data-lazyload=\"\/\/yektaenerji.com\/wp-content\/uploads\/2022\/08\/03.jpg\" data-no-retina>\n<!--\n\t\t\t\t\t\t\t--><rs-layer\n\t\t\t\t\t\t\t\tid=\"slider-1-slide-3-layer-3\" \n\t\t\t\t\t\t\t\tdata-type=\"text\"\n\t\t\t\t\t\t\t\tdata-color=\"#ffffff\"\n\t\t\t\t\t\t\t\tdata-rsp_ch=\"on\"\n\t\t\t\t\t\t\t\tdata-xy=\"x:20px;y:308px;\"\n\t\t\t\t\t\t\t\tdata-text=\"s:49;l:56;fw:300;a:inherit;\"\n\t\t\t\t\t\t\t\tdata-dim=\"h:59px;\"\n\t\t\t\t\t\t\t\tdata-frame_0=\"y:100%;\"\n\t\t\t\t\t\t\t\tdata-frame_0_mask=\"u:t;\"\n\t\t\t\t\t\t\t\tdata-frame_1=\"e:power4.inOut;sp:2000;sR:10;\"\n\t\t\t\t\t\t\t\tdata-frame_1_mask=\"u:t;\"\n\t\t\t\t\t\t\t\tdata-frame_999=\"o:0;st:w;sR:4990;\"\n\t\t\t\t\t\t\t\tstyle=\"z-index:6;font-family:'Roboto';\"\n\t\t\t\t\t\t\t>450 MWp \u00dczerinde Ba\u015far\u0131l\u0131\nProje Teslim Ettik \n\t\t\t\t\t\t\t<\/rs-layer><!--\n\n\t\t\t\t\t\t\t--><rs-layer\n\t\t\t\t\t\t\t\tid=\"slider-1-slide-3-layer-5\" \n\t\t\t\t\t\t\t\tdata-type=\"text\"\n\t\t\t\t\t\t\t\tdata-color=\"#c7c7cc\"\n\t\t\t\t\t\t\t\tdata-rsp_ch=\"on\"\n\t\t\t\t\t\t\t\tdata-xy=\"x:23px;y:376px;\"\n\t\t\t\t\t\t\t\tdata-text=\"w:normal;s:22;l:38;a:inherit;\"\n\t\t\t\t\t\t\t\tdata-dim=\"w:779;\"\n\t\t\t\t\t\t\t\tdata-frame_0=\"y:100%;\"\n\t\t\t\t\t\t\t\tdata-frame_0_mask=\"u:t;\"\n\t\t\t\t\t\t\t\tdata-frame_1=\"e:power4.inOut;sp:2000;sR:10;\"\n\t\t\t\t\t\t\t\tdata-frame_1_mask=\"u:t;\"\n\t\t\t\t\t\t\t\tdata-frame_999=\"o:0;st:w;sR:4990;\"\n\t\t\t\t\t\t\t\tstyle=\"z-index:7;font-family:'Roboto';\"\n\t\t\t\t\t\t\t>2011 y\u0131l\u0131ndan beri G\u00fcne\u015f Elektrik Santralleri konusunda T\u00fcrkiye'nin <br\/> en deneyimli uzman kadrosu ile projelerinizi teslim etmeye devam ediyoruz. \n\t\t\t\t\t\t\t<\/rs-layer><!--\n-->\t\t\t\t\t\t<\/rs-slide>\n\t\t\t\t\t<\/rs-slides>\n\t\t\t\t<\/rs-module>\n\t\t\t\t<script>\n\t\t\t\t\tsetREVStartSize({c: 'rev_slider_1_1',rl:[1240,1024,778,480],el:[760],gw:[1200],gh:[760],type:'standard',justify:'',layout:'fullwidth',mh:\"0\"});if (window.RS_MODULES!==undefined && window.RS_MODULES.modules!==undefined && window.RS_MODULES.modules[\"revslider11\"]!==undefined) {window.RS_MODULES.modules[\"revslider11\"].once = false;window.revapi1 = undefined;if (window.RS_MODULES.checkMinimal!==undefined) window.RS_MODULES.checkMinimal()}\n\t\t\t\t<\/script>\n\t\t\t<\/rs-module-wrap>\n\t\t\t<!-- END REVOLUTION SLIDER -->\n<\/div><\/div><\/div><\/div><\/div><\/section><div class=\"vc_row-full-width vc_clearfix\"><\/div><section data-vc-full-width=\"true\" data-vc-full-width-init=\"false\" class=\"wpb_row vc_row-fluid vc_row-full-width vc_row-o-equal-height vc_row-o-content-middle vc_row-flex\"><div class=\"vc_row\"><div class=\"half-right-box wpb_column vc_column_container vc_col-sm-12 vc_col-md-12 vc_col-has-fill\"><div class=\"vc_column-inner vc_custom_1692265167320\"><div class=\"wpb_wrapper\">\n\t<div class=\"wpb_text_column wpb_content_element\" >\n\t\t<div class=\"wpb_wrapper\">\n\t\t\t<h2>Why you have to choose YEKTA Energy?<\/h2>\n\n\t\t<\/div>\n\t<\/div>\n\n\t<div class=\"wpb_text_column wpb_content_element  vc_custom_1714389970625\" >\n\t\t<div class=\"wpb_wrapper\">\n\t\t\t<p><strong>YEKTA Enerji<\/strong>, 2011 y\u0131l\u0131ndan beri <strong>G\u00fcne\u015f Elektrik Santralleri<\/strong> konusunda T\u00fcrkiye&#8217;nin en deneyimli uzman kadrosu ile dan\u0131\u015fmanl\u0131k, projelendirme, EPC ve \u0130\u015fletme &amp; Bak\u0131m hizmetlerinde olduk\u00e7a \u00f6nemli bir paya sahip olan <strong>ELSE Enerji<\/strong> \u015firketimiz ile hizmet verirken, 2022 y\u0131l\u0131ndan itibaren g\u00fcc\u00fcm\u00fcze g\u00fc\u00e7 katarak Uluslararas\u0131 kalite standartlar\u0131na yenilik\u00e7i ve g\u00fcvenilir m\u00fchendislik \u00e7\u00f6z\u00fcmleri sunan <strong>\u00c7ay Group<\/strong> kurulu\u015fu olan <strong>YEKTA Enerji<\/strong> ile devam ederek, hangi ko\u015fulda olursa olsun uzman ve deneyimli kadromuz ile en iyi \u015fekilde hizmet vermeye devam etmekteyiz.<\/p>\n<p class=\" translation-block\">Yekta Energy has an impressive experience with its professional planning and implementation team. Yekta Energy starts this process with consultancy and planning phase, then proceeds in accordance with the plan and completes the work by fulfilling the provisional acceptance processes and timely work delivery thanks to its strong financial structure despite any disruptions that may occur.<\/p>\n<p class=\" translation-block\">YEKTA Energy monitors your power plant instantly, increases your availability with quick interventions, and checks whether your power plant is working as predicted, with the Energy Data Monitoring System (EVIS), which it has designed with its experience and expert engineers who keep up with the developing world.<\/p>\n<p>We are the performance friend of your investment with periodic maintenance to extend the life of the equipment, and predictive maintenance services that are performed according to measurement and evaluation techniques and prevent the occurrence of malfunctions.<\/p>\n\n\t\t<\/div>\n\t<\/div>\n<\/div><\/div><\/div><\/div><\/section><div class=\"vc_row-full-width vc_clearfix\"><\/div>","protected":false},"excerpt":{"rendered":"G\u00fcne\u015ften Ald\u0131\u011f\u0131m\u0131z G\u00fc\u00e7le Yar\u0131n\u0131 \u015eekillendiriyoruz 450 MWp \u00dczerinde Ba\u015far\u0131l\u0131 Proje Teslim Ettik 2011 y\u0131l\u0131ndan beri G\u00fcne\u015f Elektrik Santralleri konusunda T\u00fcrkiye'nin en deneyimli uzman kadrosu ile projelerinizi teslim etmeye devam ediyoruz. Neden Yekta Enerji? YEKTA Enerji, 2011 y\u0131l\u0131ndan beri G\u00fcne\u015f Elektrik Santralleri konusunda T\u00fcrkiye'nin en deneyimli uzman kadrosu ile dan\u0131\u015fmanl\u0131k, projelendirme, EPC ve \u0130\u015fletme &amp; Bak\u0131m [...]","protected":false},"author":1,"featured_media":0,"parent":0,"menu_order":0,"comment_status":"closed","ping_status":"closed","template":"","meta":{"footnotes":""},"class_list":["post-172","page","type-page","status-publish","hentry"],"yoast_head":"<!-- This site is optimized with the Yoast SEO Premium plugin v17.8 (Yoast SEO v20.12) - https:\/\/yoast.com\/wordpress\/plugins\/seo\/ -->\n<title>Yekta Enerji - G\u00fcne\u015f Enerjisi Sistemleri<\/title>\n<meta name=\"description\" content=\"G\u00fcne\u015f Enerji Santral Kurulum Bak\u0131m Hizmetleri Sunmaktay\u0131z. Ayr\u0131ca B\u00fcy\u00fck \u0130\u015fletmelere \u00f6zel Proje Faaliyete Ge\u00e7irmede \u00dcst\u00fcn Ba\u015fara\u0131\" \/>\n<meta name=\"robots\" content=\"index, follow, max-snippet:-1, max-image-preview:large, max-video-preview:-1\" \/>\n<link rel=\"canonical\" href=\"https:\/\/yektaenerji.com\/en\/\" \/>\n<meta property=\"og:locale\" content=\"en_US\" \/>\n<meta property=\"og:type\" content=\"article\" \/>\n<meta property=\"og:title\" content=\"Anasayfa\" \/>\n<meta property=\"og:description\" content=\"G\u00fcne\u015f Enerji Santral Kurulum Bak\u0131m Hizmetleri Sunmaktay\u0131z. Ayr\u0131ca B\u00fcy\u00fck \u0130\u015fletmelere \u00f6zel Proje Faaliyete Ge\u00e7irmede \u00dcst\u00fcn Ba\u015fara\u0131\" \/>\n<meta property=\"og:url\" content=\"https:\/\/yektaenerji.com\/en\/\" \/>\n<meta property=\"og:site_name\" content=\"Yekta Enerji\" \/>\n<meta property=\"article:modified_time\" content=\"2024-04-29T11:27:04+00:00\" \/>\n<meta name=\"twitter:card\" content=\"summary_large_image\" \/>\n<meta name=\"twitter:label1\" content=\"Est. reading time\" \/>\n\t<meta name=\"twitter:data1\" content=\"6 minutes\" \/>\n<script type=\"application\/ld+json\" class=\"yoast-schema-graph\">{\"@context\":\"https:\/\/schema.org\",\"@graph\":[{\"@type\":\"WebPage\",\"@id\":\"https:\/\/yektaenerji.com\/\",\"url\":\"https:\/\/yektaenerji.com\/\",\"name\":\"Yekta Enerji - G\u00fcne\u015f Enerjisi Sistemleri\",\"isPartOf\":{\"@id\":\"https:\/\/yektaenerji.com\/#website\"},\"datePublished\":\"2018-11-20T03:03:42+00:00\",\"dateModified\":\"2024-04-29T11:27:04+00:00\",\"description\":\"G\u00fcne\u015f Enerji Santral Kurulum Bak\u0131m Hizmetleri Sunmaktay\u0131z. Ayr\u0131ca B\u00fcy\u00fck \u0130\u015fletmelere \u00f6zel Proje Faaliyete Ge\u00e7irmede \u00dcst\u00fcn Ba\u015fara\u0131\",\"breadcrumb\":{\"@id\":\"https:\/\/yektaenerji.com\/#breadcrumb\"},\"inLanguage\":\"en-US\",\"potentialAction\":[{\"@type\":\"ReadAction\",\"target\":[\"https:\/\/yektaenerji.com\/\"]}]},{\"@type\":\"BreadcrumbList\",\"@id\":\"https:\/\/yektaenerji.com\/#breadcrumb\",\"itemListElement\":[{\"@type\":\"ListItem\",\"position\":1,\"name\":\"Home\",\"item\":\"https:\/\/yektaenerji.com\/\"},{\"@type\":\"ListItem\",\"position\":2,\"name\":\"Anasayfa\"}]},{\"@type\":\"WebSite\",\"@id\":\"https:\/\/yektaenerji.com\/#website\",\"url\":\"https:\/\/yektaenerji.com\/\",\"name\":\"Yekta Enerji\",\"description\":\"T\u00fcm T\u00fcrkiyeye Ye\u015fil Enerji\",\"publisher\":{\"@id\":\"https:\/\/yektaenerji.com\/#organization\"},\"potentialAction\":[{\"@type\":\"SearchAction\",\"target\":{\"@type\":\"EntryPoint\",\"urlTemplate\":\"https:\/\/yektaenerji.com\/?s={search_term_string}\"},\"query-input\":\"required name=search_term_string\"}],\"inLanguage\":\"en-US\"},{\"@type\":\"Organization\",\"@id\":\"https:\/\/yektaenerji.com\/#organization\",\"name\":\"Yekta Enerji Hizmetleri\",\"url\":\"https:\/\/yektaenerji.com\/\",\"logo\":{\"@type\":\"ImageObject\",\"inLanguage\":\"en-US\",\"@id\":\"https:\/\/yektaenerji.com\/#\/schema\/logo\/image\/\",\"url\":\"http:\/\/www.yektaenerji.com\/wp-content\/uploads\/2022\/06\/yekta_enerji.png\",\"contentUrl\":\"http:\/\/www.yektaenerji.com\/wp-content\/uploads\/2022\/06\/yekta_enerji.png\",\"width\":1831,\"height\":541,\"caption\":\"Yekta Enerji Hizmetleri\"},\"image\":{\"@id\":\"https:\/\/yektaenerji.com\/#\/schema\/logo\/image\/\"}}]}<\/script>\n<!-- \/ Yoast SEO Premium plugin. -->","yoast_head_json":{"title":"Yekta Enerji - G\u00fcne\u015f Enerjisi Sistemleri","description":"G\u00fcne\u015f Enerji Santral Kurulum Bak\u0131m Hizmetleri Sunmaktay\u0131z. Ayr\u0131ca B\u00fcy\u00fck \u0130\u015fletmelere \u00f6zel Proje Faaliyete Ge\u00e7irmede \u00dcst\u00fcn Ba\u015fara\u0131","robots":{"index":"index","follow":"follow","max-snippet":"max-snippet:-1","max-image-preview":"max-image-preview:large","max-video-preview":"max-video-preview:-1"},"canonical":"https:\/\/yektaenerji.com\/en\/","og_locale":"en_US","og_type":"article","og_title":"Anasayfa","og_description":"G\u00fcne\u015f Enerji Santral Kurulum Bak\u0131m Hizmetleri Sunmaktay\u0131z. Ayr\u0131ca B\u00fcy\u00fck \u0130\u015fletmelere \u00f6zel Proje Faaliyete Ge\u00e7irmede \u00dcst\u00fcn Ba\u015fara\u0131","og_url":"https:\/\/yektaenerji.com\/en\/","og_site_name":"Yekta Enerji","article_modified_time":"2024-04-29T11:27:04+00:00","twitter_card":"summary_large_image","twitter_misc":{"Est. reading time":"6 minutes"},"schema":{"@context":"https:\/\/schema.org","@graph":[{"@type":"WebPage","@id":"https:\/\/yektaenerji.com\/","url":"https:\/\/yektaenerji.com\/","name":"Yekta Enerji - G\u00fcne\u015f Enerjisi Sistemleri","isPartOf":{"@id":"https:\/\/yektaenerji.com\/#website"},"datePublished":"2018-11-20T03:03:42+00:00","dateModified":"2024-04-29T11:27:04+00:00","description":"G\u00fcne\u015f Enerji Santral Kurulum Bak\u0131m Hizmetleri Sunmaktay\u0131z. Ayr\u0131ca B\u00fcy\u00fck \u0130\u015fletmelere \u00f6zel Proje Faaliyete Ge\u00e7irmede \u00dcst\u00fcn Ba\u015fara\u0131","breadcrumb":{"@id":"https:\/\/yektaenerji.com\/#breadcrumb"},"inLanguage":"en-US","potentialAction":[{"@type":"ReadAction","target":["https:\/\/yektaenerji.com\/"]}]},{"@type":"BreadcrumbList","@id":"https:\/\/yektaenerji.com\/#breadcrumb","itemListElement":[{"@type":"ListItem","position":1,"name":"Home","item":"https:\/\/yektaenerji.com\/"},{"@type":"ListItem","position":2,"name":"Anasayfa"}]},{"@type":"WebSite","@id":"https:\/\/yektaenerji.com\/#website","url":"https:\/\/yektaenerji.com\/","name":"Yekta Enerji","description":"T\u00fcm T\u00fcrkiyeye Ye\u015fil Enerji","publisher":{"@id":"https:\/\/yektaenerji.com\/#organization"},"potentialAction":[{"@type":"SearchAction","target":{"@type":"EntryPoint","urlTemplate":"https:\/\/yektaenerji.com\/?s={search_term_string}"},"query-input":"required name=search_term_string"}],"inLanguage":"en-US"},{"@type":"Organization","@id":"https:\/\/yektaenerji.com\/#organization","name":"Yekta Enerji Hizmetleri","url":"https:\/\/yektaenerji.com\/","logo":{"@type":"ImageObject","inLanguage":"en-US","@id":"https:\/\/yektaenerji.com\/#\/schema\/logo\/image\/","url":"http:\/\/www.yektaenerji.com\/wp-content\/uploads\/2022\/06\/yekta_enerji.png","contentUrl":"http:\/\/www.yektaenerji.com\/wp-content\/uploads\/2022\/06\/yekta_enerji.png","width":1831,"height":541,"caption":"Yekta Enerji Hizmetleri"},"image":{"@id":"https:\/\/yektaenerji.com\/#\/schema\/logo\/image\/"}}]}},"_links":{"self":[{"href":"https:\/\/yektaenerji.com\/en\/wp-json\/wp\/v2\/pages\/172","targetHints":{"allow":["GET"]}}],"collection":[{"href":"https:\/\/yektaenerji.com\/en\/wp-json\/wp\/v2\/pages"}],"about":[{"href":"https:\/\/yektaenerji.com\/en\/wp-json\/wp\/v2\/types\/page"}],"author":[{"embeddable":true,"href":"https:\/\/yektaenerji.com\/en\/wp-json\/wp\/v2\/users\/1"}],"replies":[{"embeddable":true,"href":"https:\/\/yektaenerji.com\/en\/wp-json\/wp\/v2\/comments?post=172"}],"version-history":[{"count":2,"href":"https:\/\/yektaenerji.com\/en\/wp-json\/wp\/v2\/pages\/172\/revisions"}],"predecessor-version":[{"id":23182,"href":"https:\/\/yektaenerji.com\/en\/wp-json\/wp\/v2\/pages\/172\/revisions\/23182"}],"wp:attachment":[{"href":"https:\/\/yektaenerji.com\/en\/wp-json\/wp\/v2\/media?parent=172"}],"curies":[{"name":"wp","href":"https:\/\/api.w.org\/{rel}","templated":true}]}}