{"id":173,"date":"2018-11-07T07:34:16","date_gmt":"2018-11-07T04:34:16","guid":{"rendered":"http:\/\/localhost\/industro\/?page_id=173"},"modified":"2024-07-01T16:25:14","modified_gmt":"2024-07-01T13:25:14","slug":"kurumsal","status":"publish","type":"page","link":"https:\/\/yektaenerji.com\/en\/kurumsal\/","title":{"rendered":"Our Business"},"content":{"rendered":"<section class=\"wpb_row vc_row-fluid vc_custom_1690996639861\"><div class=\"container\"><div class=\"vc_row\"><div class=\"wpb_column vc_column_container vc_col-sm-12\"><div class=\"vc_column-inner\"><div class=\"wpb_wrapper\"><h2 style=\"text-align: left\" class=\"vc_custom_heading\" >Who We Are?<\/h2>\n\t<div class=\"wpb_text_column wpb_content_element\" >\n\t\t<div class=\"wpb_wrapper\">\n\t\t\t<p class=\" translation-block\">YEKTA Energy specializes in EPC and Operational Maintenance in the solar sector; is one of the leading companies in Turkey operating in the fields of consultancy, planning, engineering, implementation, operation and maintenance. In addition to being a dynamic company that produces turnkey solutions; It also offers solutions tailored to customer requirements.<\/p>\n\n\t\t<\/div>\n\t<\/div>\n<\/div><\/div><\/div><\/div><\/div><\/section><section class=\"wpb_row vc_row-fluid vc_custom_1654567064174\"><div class=\"container\"><div class=\"vc_row\"><div class=\"wpb_column vc_column_container vc_col-sm-12\"><div class=\"vc_column-inner\"><div class=\"wpb_wrapper\"><h2 style=\"text-align: left\" class=\"vc_custom_heading\" >Our Certificates<\/h2>\n\t<div class=\"wpb_text_column wpb_content_element\" >\n\t\t<div class=\"wpb_wrapper\">\n\t\t\t<p>Our Existing Accredited ISO Certificates ( 9001 \u2013 10002 \u2013 140001 \u2013 45001)<\/p>\n\n\t\t<\/div>\n\t<\/div>\n<div class=\"vc_row wpb_row vc_inner vc_row-fluid\"><div class=\"wpb_column vc_column_container vc_col-sm-3\"><div class=\"vc_column-inner\"><div class=\"wpb_wrapper\">\n\t<div  class=\"wpb_single_image wpb_content_element vc_align_left\">\n\t\t\n\t\t<figure class=\"wpb_wrapper vc_figure\">\n\t\t\t<a class=\"\" data-lightbox=\"lightbox[rel-173-1590632199]\" href=\"https:\/\/yektaenerji.com\/wp-content\/uploads\/2024\/07\/YEKTA-ELEKTRIK-ISO-45001-723x1024.jpg\" target=\"_self\"><img loading=\"lazy\" decoding=\"async\" width=\"1130\" height=\"1600\" src=\"https:\/\/yektaenerji.com\/wp-content\/uploads\/2024\/07\/YEKTA-ELEKTRIK-ISO-45001.jpg\" class=\"vc_single_image-img attachment-full\" alt=\"\" title=\"YEKTA ELEKTR\u0130K - ISO 45001\" srcset=\"https:\/\/yektaenerji.com\/wp-content\/uploads\/2024\/07\/YEKTA-ELEKTRIK-ISO-45001.jpg 1130w, https:\/\/yektaenerji.com\/wp-content\/uploads\/2024\/07\/YEKTA-ELEKTRIK-ISO-45001-212x300.jpg 212w, https:\/\/yektaenerji.com\/wp-content\/uploads\/2024\/07\/YEKTA-ELEKTRIK-ISO-45001-723x1024.jpg 723w, https:\/\/yektaenerji.com\/wp-content\/uploads\/2024\/07\/YEKTA-ELEKTRIK-ISO-45001-768x1087.jpg 768w, https:\/\/yektaenerji.com\/wp-content\/uploads\/2024\/07\/YEKTA-ELEKTRIK-ISO-45001-1085x1536.jpg 1085w, https:\/\/yektaenerji.com\/wp-content\/uploads\/2024\/07\/YEKTA-ELEKTRIK-ISO-45001-8x12.jpg 8w\" sizes=\"auto, (max-width: 1130px) 100vw, 1130px\" \/><\/a>\n\t\t<\/figure>\n\t<\/div>\n<\/div><\/div><\/div><div class=\"wpb_column vc_column_container vc_col-sm-3\"><div class=\"vc_column-inner\"><div class=\"wpb_wrapper\">\n\t<div  class=\"wpb_single_image wpb_content_element vc_align_left\">\n\t\t\n\t\t<figure class=\"wpb_wrapper vc_figure\">\n\t\t\t<a class=\"\" data-lightbox=\"lightbox[rel-173-2055412205]\" href=\"https:\/\/yektaenerji.com\/wp-content\/uploads\/2024\/07\/YEKTA-ELEKTRIK-ISO-9001-723x1024.jpg\" target=\"_self\"><img loading=\"lazy\" decoding=\"async\" width=\"1130\" height=\"1600\" src=\"https:\/\/yektaenerji.com\/wp-content\/uploads\/2024\/07\/YEKTA-ELEKTRIK-ISO-9001.jpg\" class=\"vc_single_image-img attachment-full\" alt=\"\" title=\"YEKTA ELEKTR\u0130K - ISO 9001\" srcset=\"https:\/\/yektaenerji.com\/wp-content\/uploads\/2024\/07\/YEKTA-ELEKTRIK-ISO-9001.jpg 1130w, https:\/\/yektaenerji.com\/wp-content\/uploads\/2024\/07\/YEKTA-ELEKTRIK-ISO-9001-212x300.jpg 212w, https:\/\/yektaenerji.com\/wp-content\/uploads\/2024\/07\/YEKTA-ELEKTRIK-ISO-9001-723x1024.jpg 723w, https:\/\/yektaenerji.com\/wp-content\/uploads\/2024\/07\/YEKTA-ELEKTRIK-ISO-9001-768x1087.jpg 768w, https:\/\/yektaenerji.com\/wp-content\/uploads\/2024\/07\/YEKTA-ELEKTRIK-ISO-9001-1085x1536.jpg 1085w, https:\/\/yektaenerji.com\/wp-content\/uploads\/2024\/07\/YEKTA-ELEKTRIK-ISO-9001-8x12.jpg 8w\" sizes=\"auto, (max-width: 1130px) 100vw, 1130px\" \/><\/a>\n\t\t<\/figure>\n\t<\/div>\n<\/div><\/div><\/div><div class=\"wpb_column vc_column_container vc_col-sm-3\"><div class=\"vc_column-inner\"><div class=\"wpb_wrapper\">\n\t<div  class=\"wpb_single_image wpb_content_element vc_align_left\">\n\t\t\n\t\t<figure class=\"wpb_wrapper vc_figure\">\n\t\t\t<a class=\"\" data-lightbox=\"lightbox[rel-173-2632433477]\" href=\"https:\/\/yektaenerji.com\/wp-content\/uploads\/2024\/07\/YEKTA-ELEKTRIK-ISO-14001-723x1024.png\" target=\"_self\"><img loading=\"lazy\" decoding=\"async\" width=\"2475\" height=\"3507\" src=\"https:\/\/yektaenerji.com\/wp-content\/uploads\/2024\/07\/YEKTA-ELEKTRIK-ISO-14001.png\" class=\"vc_single_image-img attachment-full\" alt=\"\" title=\"YEKTA ELEKTR\u0130K - ISO 14001\" srcset=\"https:\/\/yektaenerji.com\/wp-content\/uploads\/2024\/07\/YEKTA-ELEKTRIK-ISO-14001.png 2475w, https:\/\/yektaenerji.com\/wp-content\/uploads\/2024\/07\/YEKTA-ELEKTRIK-ISO-14001-212x300.png 212w, https:\/\/yektaenerji.com\/wp-content\/uploads\/2024\/07\/YEKTA-ELEKTRIK-ISO-14001-723x1024.png 723w, https:\/\/yektaenerji.com\/wp-content\/uploads\/2024\/07\/YEKTA-ELEKTRIK-ISO-14001-768x1088.png 768w, https:\/\/yektaenerji.com\/wp-content\/uploads\/2024\/07\/YEKTA-ELEKTRIK-ISO-14001-1084x1536.png 1084w, https:\/\/yektaenerji.com\/wp-content\/uploads\/2024\/07\/YEKTA-ELEKTRIK-ISO-14001-1445x2048.png 1445w, https:\/\/yektaenerji.com\/wp-content\/uploads\/2024\/07\/YEKTA-ELEKTRIK-ISO-14001-8x12.png 8w\" sizes=\"auto, (max-width: 2475px) 100vw, 2475px\" \/><\/a>\n\t\t<\/figure>\n\t<\/div>\n<\/div><\/div><\/div><div class=\"wpb_column vc_column_container vc_col-sm-3\"><div class=\"vc_column-inner\"><div class=\"wpb_wrapper\">\n\t<div  class=\"wpb_single_image wpb_content_element vc_align_left\">\n\t\t\n\t\t<figure class=\"wpb_wrapper vc_figure\">\n\t\t\t<a class=\"\" data-lightbox=\"lightbox[rel-173-3829839180]\" href=\"https:\/\/yektaenerji.com\/wp-content\/uploads\/2024\/07\/YEKTA-ELEKTRIK-ISO-10002-723x1024.jpg\" target=\"_self\"><img loading=\"lazy\" decoding=\"async\" width=\"1130\" height=\"1600\" src=\"https:\/\/yektaenerji.com\/wp-content\/uploads\/2024\/07\/YEKTA-ELEKTRIK-ISO-10002.jpg\" class=\"vc_single_image-img attachment-full\" alt=\"\" title=\"YEKTA ELEKTR\u0130K - ISO 10002\" srcset=\"https:\/\/yektaenerji.com\/wp-content\/uploads\/2024\/07\/YEKTA-ELEKTRIK-ISO-10002.jpg 1130w, https:\/\/yektaenerji.com\/wp-content\/uploads\/2024\/07\/YEKTA-ELEKTRIK-ISO-10002-212x300.jpg 212w, https:\/\/yektaenerji.com\/wp-content\/uploads\/2024\/07\/YEKTA-ELEKTRIK-ISO-10002-723x1024.jpg 723w, https:\/\/yektaenerji.com\/wp-content\/uploads\/2024\/07\/YEKTA-ELEKTRIK-ISO-10002-768x1087.jpg 768w, https:\/\/yektaenerji.com\/wp-content\/uploads\/2024\/07\/YEKTA-ELEKTRIK-ISO-10002-1085x1536.jpg 1085w, https:\/\/yektaenerji.com\/wp-content\/uploads\/2024\/07\/YEKTA-ELEKTRIK-ISO-10002-8x12.jpg 8w\" sizes=\"auto, (max-width: 1130px) 100vw, 1130px\" \/><\/a>\n\t\t<\/figure>\n\t<\/div>\n<\/div><\/div><\/div><\/div><\/div><\/div><\/div><\/div><\/div><\/section>","protected":false},"excerpt":{"rendered":"Biz Kimiz? YEKTA Enerji solar sekt\u00f6r\u00fcnde EPC ve \u0130\u015fletme Bak\u0131m alan\u0131nda uzmanla\u015fm\u0131\u015f; dan\u0131\u015fmanl\u0131k, planlama, m\u00fchendislik, uygulama ile i\u015fletme ve bak\u0131m alanlar\u0131nda faaliyet g\u00f6steren, alan\u0131nda T\u00fcrkiye\u2019nin en \u00f6nde gelen firmalar\u0131ndan biridir. Anahtar teslim \u00e7\u00f6z\u00fcmler \u00fcreten dinamik bir firma olmas\u0131n\u0131n yan\u0131nda; m\u00fc\u015fteri gereksinimlerine \u00f6zel olarak \u00e7\u00f6z\u00fcmler de sunmaktad\u0131r. Sertifikalar\u0131m\u0131z Mevcutta bulunan Akredite ISO Belgelerimiz ( 9001 \u2013 [...]","protected":false},"author":1,"featured_media":0,"parent":0,"menu_order":0,"comment_status":"closed","ping_status":"closed","template":"","meta":{"footnotes":""},"class_list":["post-173","page","type-page","status-publish","hentry"],"yoast_head":"<!-- This site is optimized with the Yoast SEO Premium plugin v17.8 (Yoast SEO v20.12) - https:\/\/yoast.com\/wordpress\/plugins\/seo\/ -->\n<title>Kurumsal - Yekta Enerji<\/title>\n<meta name=\"robots\" content=\"index, follow, max-snippet:-1, max-image-preview:large, max-video-preview:-1\" \/>\n<link rel=\"canonical\" href=\"https:\/\/yektaenerji.com\/en\/kurumsal\/\" \/>\n<meta property=\"og:locale\" content=\"en_US\" \/>\n<meta property=\"og:type\" content=\"article\" \/>\n<meta property=\"og:title\" content=\"Kurumsal\" \/>\n<meta property=\"og:url\" content=\"https:\/\/yektaenerji.com\/en\/kurumsal\/\" \/>\n<meta property=\"og:site_name\" content=\"Yekta Enerji\" \/>\n<meta property=\"article:modified_time\" content=\"2024-07-01T13:25:14+00:00\" \/>\n<meta name=\"twitter:card\" content=\"summary_large_image\" \/>\n<meta name=\"twitter:label1\" content=\"Est. reading time\" \/>\n\t<meta name=\"twitter:data1\" content=\"4 minutes\" \/>\n<script type=\"application\/ld+json\" class=\"yoast-schema-graph\">{\"@context\":\"https:\/\/schema.org\",\"@graph\":[{\"@type\":\"WebPage\",\"@id\":\"https:\/\/yektaenerji.com\/kurumsal\/\",\"url\":\"https:\/\/yektaenerji.com\/kurumsal\/\",\"name\":\"Kurumsal - Yekta Enerji\",\"isPartOf\":{\"@id\":\"https:\/\/yektaenerji.com\/#website\"},\"datePublished\":\"2018-11-07T04:34:16+00:00\",\"dateModified\":\"2024-07-01T13:25:14+00:00\",\"breadcrumb\":{\"@id\":\"https:\/\/yektaenerji.com\/kurumsal\/#breadcrumb\"},\"inLanguage\":\"en-US\",\"potentialAction\":[{\"@type\":\"ReadAction\",\"target\":[\"https:\/\/yektaenerji.com\/kurumsal\/\"]}]},{\"@type\":\"BreadcrumbList\",\"@id\":\"https:\/\/yektaenerji.com\/kurumsal\/#breadcrumb\",\"itemListElement\":[{\"@type\":\"ListItem\",\"position\":1,\"name\":\"Home\",\"item\":\"https:\/\/yektaenerji.com\/\"},{\"@type\":\"ListItem\",\"position\":2,\"name\":\"Kurumsal\"}]},{\"@type\":\"WebSite\",\"@id\":\"https:\/\/yektaenerji.com\/#website\",\"url\":\"https:\/\/yektaenerji.com\/\",\"name\":\"Yekta Enerji\",\"description\":\"T\u00fcm T\u00fcrkiyeye Ye\u015fil Enerji\",\"publisher\":{\"@id\":\"https:\/\/yektaenerji.com\/#organization\"},\"potentialAction\":[{\"@type\":\"SearchAction\",\"target\":{\"@type\":\"EntryPoint\",\"urlTemplate\":\"https:\/\/yektaenerji.com\/?s={search_term_string}\"},\"query-input\":\"required name=search_term_string\"}],\"inLanguage\":\"en-US\"},{\"@type\":\"Organization\",\"@id\":\"https:\/\/yektaenerji.com\/#organization\",\"name\":\"Yekta Enerji Hizmetleri\",\"url\":\"https:\/\/yektaenerji.com\/\",\"logo\":{\"@type\":\"ImageObject\",\"inLanguage\":\"en-US\",\"@id\":\"https:\/\/yektaenerji.com\/#\/schema\/logo\/image\/\",\"url\":\"http:\/\/www.yektaenerji.com\/wp-content\/uploads\/2022\/06\/yekta_enerji.png\",\"contentUrl\":\"http:\/\/www.yektaenerji.com\/wp-content\/uploads\/2022\/06\/yekta_enerji.png\",\"width\":1831,\"height\":541,\"caption\":\"Yekta Enerji Hizmetleri\"},\"image\":{\"@id\":\"https:\/\/yektaenerji.com\/#\/schema\/logo\/image\/\"}}]}<\/script>\n<!-- \/ Yoast SEO Premium plugin. -->","yoast_head_json":{"title":"Kurumsal - Yekta Enerji","robots":{"index":"index","follow":"follow","max-snippet":"max-snippet:-1","max-image-preview":"max-image-preview:large","max-video-preview":"max-video-preview:-1"},"canonical":"https:\/\/yektaenerji.com\/en\/kurumsal\/","og_locale":"en_US","og_type":"article","og_title":"Kurumsal","og_url":"https:\/\/yektaenerji.com\/en\/kurumsal\/","og_site_name":"Yekta Enerji","article_modified_time":"2024-07-01T13:25:14+00:00","twitter_card":"summary_large_image","twitter_misc":{"Est. reading time":"4 minutes"},"schema":{"@context":"https:\/\/schema.org","@graph":[{"@type":"WebPage","@id":"https:\/\/yektaenerji.com\/kurumsal\/","url":"https:\/\/yektaenerji.com\/kurumsal\/","name":"Kurumsal - Yekta Enerji","isPartOf":{"@id":"https:\/\/yektaenerji.com\/#website"},"datePublished":"2018-11-07T04:34:16+00:00","dateModified":"2024-07-01T13:25:14+00:00","breadcrumb":{"@id":"https:\/\/yektaenerji.com\/kurumsal\/#breadcrumb"},"inLanguage":"en-US","potentialAction":[{"@type":"ReadAction","target":["https:\/\/yektaenerji.com\/kurumsal\/"]}]},{"@type":"BreadcrumbList","@id":"https:\/\/yektaenerji.com\/kurumsal\/#breadcrumb","itemListElement":[{"@type":"ListItem","position":1,"name":"Home","item":"https:\/\/yektaenerji.com\/"},{"@type":"ListItem","position":2,"name":"Kurumsal"}]},{"@type":"WebSite","@id":"https:\/\/yektaenerji.com\/#website","url":"https:\/\/yektaenerji.com\/","name":"Yekta Enerji","description":"T\u00fcm T\u00fcrkiyeye Ye\u015fil Enerji","publisher":{"@id":"https:\/\/yektaenerji.com\/#organization"},"potentialAction":[{"@type":"SearchAction","target":{"@type":"EntryPoint","urlTemplate":"https:\/\/yektaenerji.com\/?s={search_term_string}"},"query-input":"required name=search_term_string"}],"inLanguage":"en-US"},{"@type":"Organization","@id":"https:\/\/yektaenerji.com\/#organization","name":"Yekta Enerji Hizmetleri","url":"https:\/\/yektaenerji.com\/","logo":{"@type":"ImageObject","inLanguage":"en-US","@id":"https:\/\/yektaenerji.com\/#\/schema\/logo\/image\/","url":"http:\/\/www.yektaenerji.com\/wp-content\/uploads\/2022\/06\/yekta_enerji.png","contentUrl":"http:\/\/www.yektaenerji.com\/wp-content\/uploads\/2022\/06\/yekta_enerji.png","width":1831,"height":541,"caption":"Yekta Enerji Hizmetleri"},"image":{"@id":"https:\/\/yektaenerji.com\/#\/schema\/logo\/image\/"}}]}},"_links":{"self":[{"href":"https:\/\/yektaenerji.com\/en\/wp-json\/wp\/v2\/pages\/173","targetHints":{"allow":["GET"]}}],"collection":[{"href":"https:\/\/yektaenerji.com\/en\/wp-json\/wp\/v2\/pages"}],"about":[{"href":"https:\/\/yektaenerji.com\/en\/wp-json\/wp\/v2\/types\/page"}],"author":[{"embeddable":true,"href":"https:\/\/yektaenerji.com\/en\/wp-json\/wp\/v2\/users\/1"}],"replies":[{"embeddable":true,"href":"https:\/\/yektaenerji.com\/en\/wp-json\/wp\/v2\/comments?post=173"}],"version-history":[{"count":2,"href":"https:\/\/yektaenerji.com\/en\/wp-json\/wp\/v2\/pages\/173\/revisions"}],"predecessor-version":[{"id":23189,"href":"https:\/\/yektaenerji.com\/en\/wp-json\/wp\/v2\/pages\/173\/revisions\/23189"}],"wp:attachment":[{"href":"https:\/\/yektaenerji.com\/en\/wp-json\/wp\/v2\/media?parent=173"}],"curies":[{"name":"wp","href":"https:\/\/api.w.org\/{rel}","templated":true}]}}