{"id":22362,"date":"2023-08-03T09:33:36","date_gmt":"2023-08-03T06:33:36","guid":{"rendered":"https:\/\/yektaenerji.com\/?page_id=22362"},"modified":"2023-08-08T19:47:33","modified_gmt":"2023-08-08T16:47:33","slug":"hizmetler","status":"publish","type":"page","link":"https:\/\/yektaenerji.com\/en\/hizmetler\/","title":{"rendered":"Services"},"content":{"rendered":"<section class=\"wpb_row vc_row-fluid\"><div class=\"container\"><div class=\"vc_row\"><div class=\"wpb_column vc_column_container vc_col-sm-12\"><div class=\"vc_column-inner\"><div class=\"wpb_wrapper\">\n\t<div class=\"wpb_text_column wpb_content_element\" >\n\t\t<div class=\"wpb_wrapper\">\n\t\t\t<p class=\"subtitle\">What are we providing?<\/p>\n<h2>Services<\/h2>\n\n\t\t<\/div>\n\t<\/div>\n<\/div><\/div><\/div><\/div><\/div><\/section><section class=\"wpb_row vc_row-fluid\"><div class=\"container\"><div class=\"vc_row\"><div class=\"wpb_column vc_column_container vc_col-sm-3\"><div class=\"vc_column-inner\"><div class=\"wpb_wrapper\"><a href=\"https:\/\/yektaenerji.com\/en\/danismanlik\/\">\n    <div class=\"service-box\">\n        <img decoding=\"async\" src=\"https:\/\/yektaenerji.com\/wp-content\/uploads\/2023\/08\/danismanlik-1.jpg\" alt=\"service\">        <div class=\"content-box\">\n            <h5>CONSULTANCY<\/h5>\n            <p>Within the scope of consultancy, it is ensured that the project processes proceed professionally and that the relations between investors and financial resources are carried out in a healthy and transparent manner.<\/p>\n            <a class=\"link-box\" href=\"https:\/\/yektaenerji.com\/en\/danismanlik\/\" target=\"_self\">Read More<\/a>        <\/div>\n    <\/div>\n\n    <\/div><\/div><\/div><div class=\"wpb_column vc_column_container vc_col-sm-3\"><div class=\"vc_column-inner\"><div class=\"wpb_wrapper\"><a href=\"https:\/\/yektaenerji.com\/en\/projelendirme-muhendislik\/\">\n    <div class=\"service-box\">\n        <img decoding=\"async\" src=\"https:\/\/yektaenerji.com\/wp-content\/uploads\/2023\/08\/projelendirme-1-1.jpg\" alt=\"service\">        <div class=\"content-box\">\n            <h5>PROJECT PLANNING &amp; ENGINEERING<\/h5>\n            <p>YEKTA Energy acts with the right project design and the right engineering approach in the designs and applications under its responsibility. YEKTA Energy<\/p>\n            <a class=\"link-box\" href=\"https:\/\/yektaenerji.com\/en\/projelendirme-muhendislik\/\" target=\"_self\">Read More<\/a>        <\/div>\n    <\/div>\n\n    <\/a><\/div><\/div><\/div><div class=\"wpb_column vc_column_container vc_col-sm-3\"><div class=\"vc_column-inner\"><div class=\"wpb_wrapper\"><a href=\"https:\/\/yektaenerji.com\/en\/epc-denetim\/\">\n    <div class=\"service-box\">\n        <img decoding=\"async\" src=\"https:\/\/yektaenerji.com\/wp-content\/uploads\/2023\/08\/epc-2.jpg\" alt=\"service\">        <div class=\"content-box\">\n            <h5>EPC AUDIT<\/h5>\n            <p>We provide EPC audit services for local and foreign investors who want to operate in the energy market.The vast majority of investors think that they can produce energy...<\/p>\n            <a class=\"link-box\" href=\"https:\/\/yektaenerji.com\/en\/epc-denetim\/\" target=\"_self\">Read More<\/a>        <\/div>\n    <\/div>\n\n    <\/a><\/div><\/div><\/div><div class=\"wpb_column vc_column_container vc_col-sm-3\"><div class=\"vc_column-inner\"><div class=\"wpb_wrapper\"><a href=\"https:\/\/yektaenerji.com\/en\/epc-anahtar-teslim\/\">\n    <div class=\"service-box\">\n        <img decoding=\"async\" src=\"https:\/\/yektaenerji.com\/wp-content\/uploads\/2023\/08\/image7-1.jpg\" alt=\"service\">        <div class=\"content-box\">\n            <h5>EPC TURN-KEY SOLUTIONS<\/h5>\n            <p>YEKTA Energy's permanent application team has a high level of experience. In this way, it is able to offer its customers the highest quality application services at ideal prices.<\/p>\n            <a class=\"link-box\" href=\"https:\/\/yektaenerji.com\/en\/epc-anahtar-teslim\/\" target=\"_self\">Read More<\/a>        <\/div>\n    <\/div>\n\n    <\/a><\/div><\/div><\/div><\/div><\/div><\/section><section class=\"wpb_row vc_row-fluid\"><div class=\"container\"><div class=\"vc_row\"><div class=\"wpb_column vc_column_container vc_col-sm-3\"><div class=\"vc_column-inner vc_custom_1691055545412\"><div class=\"wpb_wrapper\"><a href=\"https:\/\/yektaenerji.com\/en\/satin-alma-tedarik\/\">\n    <div class=\"service-box\">\n        <img decoding=\"async\" src=\"https:\/\/yektaenerji.com\/wp-content\/uploads\/2023\/08\/DeBDY5j.jpg\" alt=\"service\">        <div class=\"content-box\">\n            <h5>PURCHASING &amp; SUPPLY<\/h5>\n            <p><\/p>\n<p style=\"text-align: left;\">Procurement of products and services carried out in accordance with the project schedule is very important for the timely completion of the application. Purchasing the right products ...<\/p>\n<p><\/p>\n            <a class=\"link-box\" href=\"https:\/\/yektaenerji.com\/en\/satin-alma-tedarik\/\" target=\"_self\">Read More<\/a>        <\/div>\n    <\/div>\n\n    <\/a><\/div><\/div><\/div><div class=\"wpb_column vc_column_container vc_col-sm-3\"><div class=\"vc_column-inner vc_custom_1691055551452\"><div class=\"wpb_wrapper\"><a href=\"https:\/\/yektaenerji.com\/en\/isletme-bakim\/\">\n    <div class=\"service-box\">\n        <img decoding=\"async\" src=\"https:\/\/yektaenerji.com\/wp-content\/uploads\/2023\/08\/2VIv033.jpg\" alt=\"service\">        <div class=\"content-box\">\n            <h5>OPERATING &amp; MAINTENANCE<\/h5>\n            <p>YEKTA Energy also provides commercial operation and maintenance services, in addition to the technical operation of SPP plants.  Periodic maintenance of Solar Power Plants, intervention<\/p>\n            <a class=\"link-box\" href=\"https:\/\/yektaenerji.com\/en\/isletme-bakim\/\" target=\"_self\">Read More<\/a>        <\/div>\n    <\/div>\n\n    <\/a><\/div><\/div><\/div><div class=\"wpb_column vc_column_container vc_col-sm-3\"><div class=\"vc_column-inner vc_custom_1691055557301\"><div class=\"wpb_wrapper\"><a href=\"https:\/\/yektaenerji.com\/en\/termal-drone-hizmeti\/\">\n    <div class=\"service-box\">\n        <img decoding=\"async\" src=\"https:\/\/yektaenerji.com\/wp-content\/uploads\/2023\/08\/termal-1.jpg\" alt=\"service\">        <div class=\"content-box\">\n            <h5>AUDITING WITH THERMAL DRONE<\/h5>\n            <p>Today, biological, environmental factors and technical failures cause production losses in SPP sites. As YEKTA Energy, we offer thermal detection, monitoring and fault detection<\/p>\n            <a class=\"link-box\" href=\"https:\/\/yektaenerji.com\/en\/termal-drone-hizmeti\/\" target=\"_self\">Read More<\/a>        <\/div>\n    <\/div>\n\n    <\/a><\/div><\/div><\/div><\/div><\/div><\/section><section class=\"wpb_row vc_row-fluid\"><div class=\"container\"><div class=\"vc_row\"><div class=\"wpb_column vc_column_container vc_col-sm-12\"><div class=\"vc_column-inner\"><div class=\"wpb_wrapper\"><div class=\"vc_empty_space\"   style=\"height: 32px\"><span class=\"vc_empty_space_inner\"><\/span><\/div><\/div><\/div><\/div><\/div><\/div><\/section><section class=\"wpb_row vc_row-fluid\"><div class=\"container\"><div class=\"vc_row\"><div class=\"wpb_column vc_column_container vc_col-sm-12\"><div class=\"vc_column-inner\"><div class=\"wpb_wrapper\"><div class=\"vc_empty_space\"   style=\"height: 32px\"><span class=\"vc_empty_space_inner\"><\/span><\/div><\/div><\/div><\/div><\/div><\/div><\/section>","protected":false},"excerpt":{"rendered":"Neler Yap\u0131yoruz? Hizmetlerimiz DANI\u015eMANLIK Dan\u0131\u015fmanl\u0131k kapsam\u0131nda proje s\u00fcre\u00e7lerinin profesyonel olarak ilerlemesi, bunun yan\u0131nda yat\u0131r\u0131mc\u0131lar ile finans kaynaklar\u0131 aras\u0131ndaki ili\u015fkilerin sa\u011fl\u0131kl\u0131 ve \u015feffaf olarak y\u00fcr\u00fct\u00fclmesi sa\u011flanmaktad\u0131r. Devam\u0131n\u0131 Oku PROJELEND\u0130RME & M\u00dcHEND\u0130SL\u0130K YEKTA Enerji, sorumlulu\u011fundaki tasar\u0131m ve uygulamalarda do\u011fru projelendirme ve do\u011fru m\u00fchendislik yakla\u015f\u0131m\u0131 ile hareket etmektedir. YEKTA Enerji ... Devam\u0131n\u0131 Oku EPC DENET\u0130M Enerji piyasas\u0131nda faaliyet [...]","protected":false},"author":1,"featured_media":0,"parent":0,"menu_order":0,"comment_status":"closed","ping_status":"closed","template":"","meta":{"footnotes":""},"class_list":["post-22362","page","type-page","status-publish","hentry"],"yoast_head":"<!-- This site is optimized with the Yoast SEO Premium plugin v17.8 (Yoast SEO v20.12) - https:\/\/yoast.com\/wordpress\/plugins\/seo\/ -->\n<title>Hizmetlerimiz - Yekta Enerji<\/title>\n<meta name=\"robots\" content=\"index, follow, max-snippet:-1, max-image-preview:large, max-video-preview:-1\" \/>\n<link rel=\"canonical\" href=\"https:\/\/yektaenerji.com\/en\/hizmetler\/\" \/>\n<meta property=\"og:locale\" content=\"en_US\" \/>\n<meta property=\"og:type\" content=\"article\" \/>\n<meta property=\"og:title\" content=\"Hizmetlerimiz\" \/>\n<meta property=\"og:url\" content=\"https:\/\/yektaenerji.com\/en\/hizmetler\/\" \/>\n<meta property=\"og:site_name\" content=\"Yekta Enerji\" \/>\n<meta property=\"article:modified_time\" content=\"2023-08-08T16:47:33+00:00\" \/>\n<meta name=\"twitter:card\" content=\"summary_large_image\" \/>\n<meta name=\"twitter:label1\" content=\"Est. reading time\" \/>\n\t<meta name=\"twitter:data1\" content=\"2 minutes\" \/>\n<script type=\"application\/ld+json\" class=\"yoast-schema-graph\">{\"@context\":\"https:\/\/schema.org\",\"@graph\":[{\"@type\":\"WebPage\",\"@id\":\"https:\/\/yektaenerji.com\/hizmetler\/\",\"url\":\"https:\/\/yektaenerji.com\/hizmetler\/\",\"name\":\"Hizmetlerimiz - Yekta Enerji\",\"isPartOf\":{\"@id\":\"https:\/\/yektaenerji.com\/#website\"},\"datePublished\":\"2023-08-03T06:33:36+00:00\",\"dateModified\":\"2023-08-08T16:47:33+00:00\",\"breadcrumb\":{\"@id\":\"https:\/\/yektaenerji.com\/hizmetler\/#breadcrumb\"},\"inLanguage\":\"en-US\",\"potentialAction\":[{\"@type\":\"ReadAction\",\"target\":[\"https:\/\/yektaenerji.com\/hizmetler\/\"]}]},{\"@type\":\"BreadcrumbList\",\"@id\":\"https:\/\/yektaenerji.com\/hizmetler\/#breadcrumb\",\"itemListElement\":[{\"@type\":\"ListItem\",\"position\":1,\"name\":\"Home\",\"item\":\"https:\/\/yektaenerji.com\/\"},{\"@type\":\"ListItem\",\"position\":2,\"name\":\"Hizmetlerimiz\"}]},{\"@type\":\"WebSite\",\"@id\":\"https:\/\/yektaenerji.com\/#website\",\"url\":\"https:\/\/yektaenerji.com\/\",\"name\":\"Yekta Enerji\",\"description\":\"T\u00fcm T\u00fcrkiyeye Ye\u015fil Enerji\",\"publisher\":{\"@id\":\"https:\/\/yektaenerji.com\/#organization\"},\"potentialAction\":[{\"@type\":\"SearchAction\",\"target\":{\"@type\":\"EntryPoint\",\"urlTemplate\":\"https:\/\/yektaenerji.com\/?s={search_term_string}\"},\"query-input\":\"required name=search_term_string\"}],\"inLanguage\":\"en-US\"},{\"@type\":\"Organization\",\"@id\":\"https:\/\/yektaenerji.com\/#organization\",\"name\":\"Yekta Enerji Hizmetleri\",\"url\":\"https:\/\/yektaenerji.com\/\",\"logo\":{\"@type\":\"ImageObject\",\"inLanguage\":\"en-US\",\"@id\":\"https:\/\/yektaenerji.com\/#\/schema\/logo\/image\/\",\"url\":\"http:\/\/www.yektaenerji.com\/wp-content\/uploads\/2022\/06\/yekta_enerji.png\",\"contentUrl\":\"http:\/\/www.yektaenerji.com\/wp-content\/uploads\/2022\/06\/yekta_enerji.png\",\"width\":1831,\"height\":541,\"caption\":\"Yekta Enerji Hizmetleri\"},\"image\":{\"@id\":\"https:\/\/yektaenerji.com\/#\/schema\/logo\/image\/\"}}]}<\/script>\n<!-- \/ Yoast SEO Premium plugin. -->","yoast_head_json":{"title":"Hizmetlerimiz - Yekta Enerji","robots":{"index":"index","follow":"follow","max-snippet":"max-snippet:-1","max-image-preview":"max-image-preview:large","max-video-preview":"max-video-preview:-1"},"canonical":"https:\/\/yektaenerji.com\/en\/hizmetler\/","og_locale":"en_US","og_type":"article","og_title":"Hizmetlerimiz","og_url":"https:\/\/yektaenerji.com\/en\/hizmetler\/","og_site_name":"Yekta Enerji","article_modified_time":"2023-08-08T16:47:33+00:00","twitter_card":"summary_large_image","twitter_misc":{"Est. reading time":"2 minutes"},"schema":{"@context":"https:\/\/schema.org","@graph":[{"@type":"WebPage","@id":"https:\/\/yektaenerji.com\/hizmetler\/","url":"https:\/\/yektaenerji.com\/hizmetler\/","name":"Hizmetlerimiz - Yekta Enerji","isPartOf":{"@id":"https:\/\/yektaenerji.com\/#website"},"datePublished":"2023-08-03T06:33:36+00:00","dateModified":"2023-08-08T16:47:33+00:00","breadcrumb":{"@id":"https:\/\/yektaenerji.com\/hizmetler\/#breadcrumb"},"inLanguage":"en-US","potentialAction":[{"@type":"ReadAction","target":["https:\/\/yektaenerji.com\/hizmetler\/"]}]},{"@type":"BreadcrumbList","@id":"https:\/\/yektaenerji.com\/hizmetler\/#breadcrumb","itemListElement":[{"@type":"ListItem","position":1,"name":"Home","item":"https:\/\/yektaenerji.com\/"},{"@type":"ListItem","position":2,"name":"Hizmetlerimiz"}]},{"@type":"WebSite","@id":"https:\/\/yektaenerji.com\/#website","url":"https:\/\/yektaenerji.com\/","name":"Yekta Enerji","description":"T\u00fcm T\u00fcrkiyeye Ye\u015fil Enerji","publisher":{"@id":"https:\/\/yektaenerji.com\/#organization"},"potentialAction":[{"@type":"SearchAction","target":{"@type":"EntryPoint","urlTemplate":"https:\/\/yektaenerji.com\/?s={search_term_string}"},"query-input":"required name=search_term_string"}],"inLanguage":"en-US"},{"@type":"Organization","@id":"https:\/\/yektaenerji.com\/#organization","name":"Yekta Enerji Hizmetleri","url":"https:\/\/yektaenerji.com\/","logo":{"@type":"ImageObject","inLanguage":"en-US","@id":"https:\/\/yektaenerji.com\/#\/schema\/logo\/image\/","url":"http:\/\/www.yektaenerji.com\/wp-content\/uploads\/2022\/06\/yekta_enerji.png","contentUrl":"http:\/\/www.yektaenerji.com\/wp-content\/uploads\/2022\/06\/yekta_enerji.png","width":1831,"height":541,"caption":"Yekta Enerji Hizmetleri"},"image":{"@id":"https:\/\/yektaenerji.com\/#\/schema\/logo\/image\/"}}]}},"_links":{"self":[{"href":"https:\/\/yektaenerji.com\/en\/wp-json\/wp\/v2\/pages\/22362","targetHints":{"allow":["GET"]}}],"collection":[{"href":"https:\/\/yektaenerji.com\/en\/wp-json\/wp\/v2\/pages"}],"about":[{"href":"https:\/\/yektaenerji.com\/en\/wp-json\/wp\/v2\/types\/page"}],"author":[{"embeddable":true,"href":"https:\/\/yektaenerji.com\/en\/wp-json\/wp\/v2\/users\/1"}],"replies":[{"embeddable":true,"href":"https:\/\/yektaenerji.com\/en\/wp-json\/wp\/v2\/comments?post=22362"}],"version-history":[{"count":3,"href":"https:\/\/yektaenerji.com\/en\/wp-json\/wp\/v2\/pages\/22362\/revisions"}],"predecessor-version":[{"id":23089,"href":"https:\/\/yektaenerji.com\/en\/wp-json\/wp\/v2\/pages\/22362\/revisions\/23089"}],"wp:attachment":[{"href":"https:\/\/yektaenerji.com\/en\/wp-json\/wp\/v2\/media?parent=22362"}],"curies":[{"name":"wp","href":"https:\/\/api.w.org\/{rel}","templated":true}]}}