{"id":22405,"date":"2023-08-03T11:23:07","date_gmt":"2023-08-03T08:23:07","guid":{"rendered":"https:\/\/yektaenerji.com\/?page_id=22405"},"modified":"2023-08-04T16:14:42","modified_gmt":"2023-08-04T13:14:42","slug":"epc-denetim","status":"publish","type":"page","link":"https:\/\/yektaenerji.com\/en\/epc-denetim\/","title":{"rendered":"EPC Audit"},"content":{"rendered":"<section class=\"wpb_row vc_row-fluid vc_custom_1542188489306\"><div class=\"container\"><div class=\"vc_row\"><div class=\"lg-right40 wpb_column vc_column_container vc_col-sm-12 vc_col-md-3\"><div class=\"vc_column-inner\"><div class=\"wpb_wrapper\"><div id=\"soksok\" class=\"vc_wp_custommenu wpb_content_element\"><div class=\"widget widget_nav_menu\"><div class=\"menu-hizmenu-container\"><ul id=\"menu-hizmenu\" class=\"menu\"><li id=\"menu-item-22642\" class=\"menu-item menu-item-type-post_type menu-item-object-page menu-item-22642\"><a href=\"https:\/\/yektaenerji.com\/en\/danismanlik\/\">Consultancy<\/a><\/li>\n<li id=\"menu-item-22643\" class=\"menu-item menu-item-type-post_type menu-item-object-page menu-item-22643\"><a href=\"https:\/\/yektaenerji.com\/en\/projelendirme-muhendislik\/\">Project Planning &amp; Engineering<\/a><\/li>\n<li id=\"menu-item-22644\" class=\"menu-item menu-item-type-post_type menu-item-object-page menu-item-22644\"><a href=\"https:\/\/yektaenerji.com\/en\/epc-denetim\/\">EPC Audit<\/a><\/li>\n<li id=\"menu-item-22645\" class=\"menu-item menu-item-type-post_type menu-item-object-page menu-item-22645\"><a href=\"https:\/\/yektaenerji.com\/en\/epc-anahtar-teslim\/\">EPC Turn-Key Solutions<\/a><\/li>\n<li id=\"menu-item-22646\" class=\"menu-item menu-item-type-post_type menu-item-object-page menu-item-22646\"><a href=\"https:\/\/yektaenerji.com\/en\/satin-alma-tedarik\/\">Purchasing &amp; Supply<\/a><\/li>\n<li id=\"menu-item-22647\" class=\"menu-item menu-item-type-post_type menu-item-object-page menu-item-22647\"><a href=\"https:\/\/yektaenerji.com\/en\/isletme-bakim\/\">Operating &amp; Maintenance<\/a><\/li>\n<li id=\"menu-item-22648\" class=\"menu-item menu-item-type-post_type menu-item-object-page menu-item-22648\"><a href=\"https:\/\/yektaenerji.com\/en\/termal-drone-hizmeti\/\">Auditing with Termal Drone<\/a><\/li>\n<\/ul><\/div><\/div><\/div><\/div><\/div><\/div><div class=\"wpb_column vc_column_container vc_col-sm-12 vc_col-md-9\"><div class=\"vc_column-inner\"><div class=\"wpb_wrapper\"><h2 style=\"font-size: 18px;line-height: 30px;text-align: left\" class=\"vc_custom_heading vc_custom_1691066954618\" >EPC Audit<\/h2>\n\t<div  class=\"wpb_single_image wpb_content_element vc_align_left  vc_custom_1691052010140\">\n\t\t\n\t\t<figure class=\"wpb_wrapper vc_figure\">\n\t\t\t<div class=\"vc_single_image-wrapper   vc_box_border_grey\"><img loading=\"lazy\" decoding=\"async\" width=\"809\" height=\"535\" src=\"https:\/\/yektaenerji.com\/wp-content\/uploads\/2023\/08\/epc-1.jpg\" class=\"vc_single_image-img attachment-full\" alt=\"\" title=\"epc\" srcset=\"https:\/\/yektaenerji.com\/wp-content\/uploads\/2023\/08\/epc-1.jpg 809w, https:\/\/yektaenerji.com\/wp-content\/uploads\/2023\/08\/epc-1-300x198.jpg 300w, https:\/\/yektaenerji.com\/wp-content\/uploads\/2023\/08\/epc-1-768x508.jpg 768w\" sizes=\"auto, (max-width: 809px) 100vw, 809px\" \/><\/div>\n\t\t<\/figure>\n\t<\/div>\n\n\t<div class=\"wpb_text_column wpb_content_element\" >\n\t\t<div class=\"wpb_wrapper\">\n\t\t\t<p>Enerji piyasas\u0131nda faaliyet g\u00f6stermek isteyen yerli ve yabanc\u0131 yat\u0131r\u0131mc\u0131lar i\u00e7in EPC denetim hizmeti sunmaktay\u0131z. Yat\u0131r\u0131mc\u0131lar\u0131n b\u00fcy\u00fck \u00e7o\u011funlu\u011fu GES arazisinin kurulumu yap\u0131ld\u0131ktan sonra hi\u00e7bir problem ile kar\u015f\u0131la\u015fmadan y\u0131llarca enerji \u00fcretebileceklerini d\u00fc\u015f\u00fcnmektedirler. Fakat yap\u0131lan GES uygulamalar\u0131na bakt\u0131\u011f\u0131m\u0131zda durum hi\u00e7 de \u00f6yle de\u011fildir. EPC kaynakl\u0131 k\u00fc\u00e7\u00fck hatalar y\u00fcz\u00fcnden yat\u0131r\u0131mc\u0131lar \u00e7ok ciddi \u00fcretim kay\u0131plar\u0131 ya\u015famaktad\u0131r. Bu tip problemler ile kar\u015f\u0131la\u015fmamak ad\u0131na EPC denetim firmalar\u0131 ile \u00e7al\u0131\u015fmak yat\u0131r\u0131mc\u0131 i\u00e7in olduk\u00e7a avantajl\u0131d\u0131r.<\/p>\n\n\t\t<\/div>\n\t<\/div>\n\n    <div class=\"project-slider projects row  style-2\" data-show=\"2\" data-auto=\"true\" data-arrow=\"true\" data-dot=\"\">\n            <\/div>\n\n    <\/div><\/div><\/div><\/div><\/div><\/section>","protected":false},"excerpt":{"rendered":"Dan\u0131\u015fmanl\u0131k Projelendirme &#038; M\u00fchendislik EPC Denetim EPC Anahtar Teslim Sat\u0131n Alma ve Tedarik \u0130\u015fletme &#038; Bak\u0131m Termal Drone ile Denetleme EPC Denetim Enerji piyasas\u0131nda faaliyet g\u00f6stermek isteyen yerli ve yabanc\u0131 yat\u0131r\u0131mc\u0131lar i\u00e7in EPC denetim hizmeti sunmaktay\u0131z. Yat\u0131r\u0131mc\u0131lar\u0131n b\u00fcy\u00fck \u00e7o\u011funlu\u011fu GES arazisinin kurulumu yap\u0131ld\u0131ktan sonra hi\u00e7bir problem ile kar\u015f\u0131la\u015fmadan y\u0131llarca enerji \u00fcretebileceklerini d\u00fc\u015f\u00fcnmektedirler. Fakat yap\u0131lan GES [...]","protected":false},"author":1,"featured_media":0,"parent":0,"menu_order":0,"comment_status":"closed","ping_status":"closed","template":"","meta":{"footnotes":""},"class_list":["post-22405","page","type-page","status-publish","hentry"],"yoast_head":"<!-- This site is optimized with the Yoast SEO Premium plugin v17.8 (Yoast SEO v20.12) - https:\/\/yoast.com\/wordpress\/plugins\/seo\/ -->\n<title>EPC Denetim - Yekta Enerji<\/title>\n<meta name=\"robots\" content=\"index, follow, max-snippet:-1, max-image-preview:large, max-video-preview:-1\" \/>\n<link rel=\"canonical\" href=\"https:\/\/yektaenerji.com\/en\/epc-denetim\/\" \/>\n<meta property=\"og:locale\" content=\"en_US\" \/>\n<meta property=\"og:type\" content=\"article\" \/>\n<meta property=\"og:title\" content=\"EPC Denetim\" \/>\n<meta property=\"og:url\" content=\"https:\/\/yektaenerji.com\/en\/epc-denetim\/\" \/>\n<meta property=\"og:site_name\" content=\"Yekta Enerji\" \/>\n<meta property=\"article:modified_time\" content=\"2023-08-04T13:14:42+00:00\" \/>\n<meta name=\"twitter:card\" content=\"summary_large_image\" \/>\n<meta name=\"twitter:label1\" content=\"Est. reading time\" \/>\n\t<meta name=\"twitter:data1\" content=\"2 minutes\" \/>\n<script type=\"application\/ld+json\" class=\"yoast-schema-graph\">{\"@context\":\"https:\/\/schema.org\",\"@graph\":[{\"@type\":\"WebPage\",\"@id\":\"https:\/\/yektaenerji.com\/epc-denetim\/\",\"url\":\"https:\/\/yektaenerji.com\/epc-denetim\/\",\"name\":\"EPC Denetim - Yekta Enerji\",\"isPartOf\":{\"@id\":\"https:\/\/yektaenerji.com\/#website\"},\"datePublished\":\"2023-08-03T08:23:07+00:00\",\"dateModified\":\"2023-08-04T13:14:42+00:00\",\"breadcrumb\":{\"@id\":\"https:\/\/yektaenerji.com\/epc-denetim\/#breadcrumb\"},\"inLanguage\":\"en-US\",\"potentialAction\":[{\"@type\":\"ReadAction\",\"target\":[\"https:\/\/yektaenerji.com\/epc-denetim\/\"]}]},{\"@type\":\"BreadcrumbList\",\"@id\":\"https:\/\/yektaenerji.com\/epc-denetim\/#breadcrumb\",\"itemListElement\":[{\"@type\":\"ListItem\",\"position\":1,\"name\":\"Home\",\"item\":\"https:\/\/yektaenerji.com\/\"},{\"@type\":\"ListItem\",\"position\":2,\"name\":\"EPC Denetim\"}]},{\"@type\":\"WebSite\",\"@id\":\"https:\/\/yektaenerji.com\/#website\",\"url\":\"https:\/\/yektaenerji.com\/\",\"name\":\"Yekta Enerji\",\"description\":\"T\u00fcm T\u00fcrkiyeye Ye\u015fil Enerji\",\"publisher\":{\"@id\":\"https:\/\/yektaenerji.com\/#organization\"},\"potentialAction\":[{\"@type\":\"SearchAction\",\"target\":{\"@type\":\"EntryPoint\",\"urlTemplate\":\"https:\/\/yektaenerji.com\/?s={search_term_string}\"},\"query-input\":\"required name=search_term_string\"}],\"inLanguage\":\"en-US\"},{\"@type\":\"Organization\",\"@id\":\"https:\/\/yektaenerji.com\/#organization\",\"name\":\"Yekta Enerji Hizmetleri\",\"url\":\"https:\/\/yektaenerji.com\/\",\"logo\":{\"@type\":\"ImageObject\",\"inLanguage\":\"en-US\",\"@id\":\"https:\/\/yektaenerji.com\/#\/schema\/logo\/image\/\",\"url\":\"http:\/\/www.yektaenerji.com\/wp-content\/uploads\/2022\/06\/yekta_enerji.png\",\"contentUrl\":\"http:\/\/www.yektaenerji.com\/wp-content\/uploads\/2022\/06\/yekta_enerji.png\",\"width\":1831,\"height\":541,\"caption\":\"Yekta Enerji Hizmetleri\"},\"image\":{\"@id\":\"https:\/\/yektaenerji.com\/#\/schema\/logo\/image\/\"}}]}<\/script>\n<!-- \/ Yoast SEO Premium plugin. -->","yoast_head_json":{"title":"EPC Denetim - Yekta Enerji","robots":{"index":"index","follow":"follow","max-snippet":"max-snippet:-1","max-image-preview":"max-image-preview:large","max-video-preview":"max-video-preview:-1"},"canonical":"https:\/\/yektaenerji.com\/en\/epc-denetim\/","og_locale":"en_US","og_type":"article","og_title":"EPC Denetim","og_url":"https:\/\/yektaenerji.com\/en\/epc-denetim\/","og_site_name":"Yekta Enerji","article_modified_time":"2023-08-04T13:14:42+00:00","twitter_card":"summary_large_image","twitter_misc":{"Est. reading time":"2 minutes"},"schema":{"@context":"https:\/\/schema.org","@graph":[{"@type":"WebPage","@id":"https:\/\/yektaenerji.com\/epc-denetim\/","url":"https:\/\/yektaenerji.com\/epc-denetim\/","name":"EPC Denetim - Yekta Enerji","isPartOf":{"@id":"https:\/\/yektaenerji.com\/#website"},"datePublished":"2023-08-03T08:23:07+00:00","dateModified":"2023-08-04T13:14:42+00:00","breadcrumb":{"@id":"https:\/\/yektaenerji.com\/epc-denetim\/#breadcrumb"},"inLanguage":"en-US","potentialAction":[{"@type":"ReadAction","target":["https:\/\/yektaenerji.com\/epc-denetim\/"]}]},{"@type":"BreadcrumbList","@id":"https:\/\/yektaenerji.com\/epc-denetim\/#breadcrumb","itemListElement":[{"@type":"ListItem","position":1,"name":"Home","item":"https:\/\/yektaenerji.com\/"},{"@type":"ListItem","position":2,"name":"EPC Denetim"}]},{"@type":"WebSite","@id":"https:\/\/yektaenerji.com\/#website","url":"https:\/\/yektaenerji.com\/","name":"Yekta Enerji","description":"T\u00fcm T\u00fcrkiyeye Ye\u015fil Enerji","publisher":{"@id":"https:\/\/yektaenerji.com\/#organization"},"potentialAction":[{"@type":"SearchAction","target":{"@type":"EntryPoint","urlTemplate":"https:\/\/yektaenerji.com\/?s={search_term_string}"},"query-input":"required name=search_term_string"}],"inLanguage":"en-US"},{"@type":"Organization","@id":"https:\/\/yektaenerji.com\/#organization","name":"Yekta Enerji Hizmetleri","url":"https:\/\/yektaenerji.com\/","logo":{"@type":"ImageObject","inLanguage":"en-US","@id":"https:\/\/yektaenerji.com\/#\/schema\/logo\/image\/","url":"http:\/\/www.yektaenerji.com\/wp-content\/uploads\/2022\/06\/yekta_enerji.png","contentUrl":"http:\/\/www.yektaenerji.com\/wp-content\/uploads\/2022\/06\/yekta_enerji.png","width":1831,"height":541,"caption":"Yekta Enerji Hizmetleri"},"image":{"@id":"https:\/\/yektaenerji.com\/#\/schema\/logo\/image\/"}}]}},"_links":{"self":[{"href":"https:\/\/yektaenerji.com\/en\/wp-json\/wp\/v2\/pages\/22405","targetHints":{"allow":["GET"]}}],"collection":[{"href":"https:\/\/yektaenerji.com\/en\/wp-json\/wp\/v2\/pages"}],"about":[{"href":"https:\/\/yektaenerji.com\/en\/wp-json\/wp\/v2\/types\/page"}],"author":[{"embeddable":true,"href":"https:\/\/yektaenerji.com\/en\/wp-json\/wp\/v2\/users\/1"}],"replies":[{"embeddable":true,"href":"https:\/\/yektaenerji.com\/en\/wp-json\/wp\/v2\/comments?post=22405"}],"version-history":[{"count":0,"href":"https:\/\/yektaenerji.com\/en\/wp-json\/wp\/v2\/pages\/22405\/revisions"}],"wp:attachment":[{"href":"https:\/\/yektaenerji.com\/en\/wp-json\/wp\/v2\/media?parent=22405"}],"curies":[{"name":"wp","href":"https:\/\/api.w.org\/{rel}","templated":true}]}}