{"id":22413,"date":"2023-08-03T11:25:08","date_gmt":"2023-08-03T08:25:08","guid":{"rendered":"https:\/\/yektaenerji.com\/?page_id=22413"},"modified":"2023-08-09T19:54:06","modified_gmt":"2023-08-09T16:54:06","slug":"isletme-bakim","status":"publish","type":"page","link":"https:\/\/yektaenerji.com\/en\/isletme-bakim\/","title":{"rendered":"Operating &amp; Maintenance"},"content":{"rendered":"<section class=\"wpb_row vc_row-fluid vc_custom_1542188489306\"><div class=\"container\"><div class=\"vc_row\"><div class=\"lg-right40 wpb_column vc_column_container vc_col-sm-12 vc_col-md-3\"><div class=\"vc_column-inner\"><div class=\"wpb_wrapper\"><div id=\"soksok\" class=\"vc_wp_custommenu wpb_content_element\"><div class=\"widget widget_nav_menu\"><div class=\"menu-hizmenu-container\"><ul id=\"menu-hizmenu\" class=\"menu\"><li id=\"menu-item-22642\" class=\"menu-item menu-item-type-post_type menu-item-object-page menu-item-22642\"><a href=\"https:\/\/yektaenerji.com\/en\/danismanlik\/\">Consultancy<\/a><\/li>\n<li id=\"menu-item-22643\" class=\"menu-item menu-item-type-post_type menu-item-object-page menu-item-22643\"><a href=\"https:\/\/yektaenerji.com\/en\/projelendirme-muhendislik\/\">Project Planning &amp; Engineering<\/a><\/li>\n<li id=\"menu-item-22644\" class=\"menu-item menu-item-type-post_type menu-item-object-page menu-item-22644\"><a href=\"https:\/\/yektaenerji.com\/en\/epc-denetim\/\">EPC Audit<\/a><\/li>\n<li id=\"menu-item-22645\" class=\"menu-item menu-item-type-post_type menu-item-object-page menu-item-22645\"><a href=\"https:\/\/yektaenerji.com\/en\/epc-anahtar-teslim\/\">EPC Turn-Key Solutions<\/a><\/li>\n<li id=\"menu-item-22646\" class=\"menu-item menu-item-type-post_type menu-item-object-page menu-item-22646\"><a href=\"https:\/\/yektaenerji.com\/en\/satin-alma-tedarik\/\">Purchasing &amp; Supply<\/a><\/li>\n<li id=\"menu-item-22647\" class=\"menu-item menu-item-type-post_type menu-item-object-page menu-item-22647\"><a href=\"https:\/\/yektaenerji.com\/en\/isletme-bakim\/\">Operating &amp; Maintenance<\/a><\/li>\n<li id=\"menu-item-22648\" class=\"menu-item menu-item-type-post_type menu-item-object-page menu-item-22648\"><a href=\"https:\/\/yektaenerji.com\/en\/termal-drone-hizmeti\/\">Auditing with Termal Drone<\/a><\/li>\n<\/ul><\/div><\/div><\/div><\/div><\/div><\/div><div class=\"wpb_column vc_column_container vc_col-sm-12 vc_col-md-8\"><div class=\"vc_column-inner\"><div class=\"wpb_wrapper\"><h2 style=\"font-size: 18px;line-height: 30px;text-align: left\" class=\"vc_custom_heading vc_custom_1691051315462\" >OPERATING &amp; MAINTENANCE<\/h2>\n\t<div  class=\"wpb_single_image wpb_content_element vc_align_left  vc_custom_1691599014660\">\n\t\t\n\t\t<figure class=\"wpb_wrapper vc_figure\">\n\t\t\t<div class=\"vc_single_image-wrapper   vc_box_border_grey\"><img loading=\"lazy\" decoding=\"async\" width=\"1024\" height=\"640\" src=\"https:\/\/yektaenerji.com\/wp-content\/uploads\/2023\/08\/2VIv033.jpg\" class=\"vc_single_image-img attachment-full\" alt=\"\" title=\"2VIv033\" srcset=\"https:\/\/yektaenerji.com\/wp-content\/uploads\/2023\/08\/2VIv033.jpg 1024w, https:\/\/yektaenerji.com\/wp-content\/uploads\/2023\/08\/2VIv033-300x188.jpg 300w, https:\/\/yektaenerji.com\/wp-content\/uploads\/2023\/08\/2VIv033-768x480.jpg 768w\" sizes=\"auto, (max-width: 1024px) 100vw, 1024px\" \/><\/div>\n\t\t<\/figure>\n\t<\/div>\n\n\t<div class=\"wpb_text_column wpb_content_element\" >\n\t\t<div class=\"wpb_wrapper\">\n\t\t\t<p>YEKTA Energy also provides commercial operation and maintenance services, in addition to the technical operation of SPP plants.  Periodic maintenance of Solar Power Plants, intervention to malfunctions and routine checks are carried out by YEKTA Energy's in-house personnel. As of today, Yekta Energy has a total of 119.8 MWp Solar Power Plant operation and maintenance reference.<\/p>\n\n\t\t<\/div>\n\t<\/div>\n\n    <div class=\"project-slider projects row  style-2\" data-show=\"2\" data-auto=\"true\" data-arrow=\"true\" data-dot=\"\">\n            <\/div>\n\n    <\/div><\/div><\/div><\/div><\/div><\/section><section class=\"wpb_row vc_row-fluid\"><div class=\"container\"><div class=\"vc_row\"><div class=\"wpb_column vc_column_container vc_col-sm-12\"><div class=\"vc_column-inner\"><div class=\"wpb_wrapper\"><h2 style=\"text-align: center\" class=\"vc_custom_heading\" >Operating Maintenance Services<\/h2><div class=\"vc_empty_space\"   style=\"height: 32px\"><span class=\"vc_empty_space_inner\"><\/span><\/div><\/div><\/div><\/div><\/div><\/div><\/section><section class=\"wpb_row vc_row-fluid\"><div class=\"container\"><div class=\"vc_row\"><div class=\"wpb_column vc_column_container vc_col-sm-4\"><div class=\"vc_column-inner\"><div class=\"wpb_wrapper\"><a href=\"https:\/\/yektaenerji.com\/en\/hizmetlerimiz-2323\/periyodik-bakim-ve-kontrol\/\">\n    <div class=\"service-box\">\n        <img decoding=\"async\" src=\"https:\/\/yektaenerji.com\/wp-content\/uploads\/2023\/08\/Periyodik-Bakim-ve-Kontrol.jpg\" alt=\"service\">        <div class=\"content-box\">\n            <h5>Periodic Maintenance and Control<\/h5>\n            <p>A preventive periodic maintenance and inspection service plan is prepared in three separate tables: every 3 months, every 6 months, and every 1 year. These tables are presented ...<\/p>\n            <a class=\"link-box\" href=\"https:\/\/yektaenerji.com\/en\/hizmetlerimiz-2323\/periyodik-bakim-ve-kontrol\/\" target=\"_self\">Devam\u0131n\u0131 oku<\/a>        <\/div>\n    <\/div>\n\n    <\/a><\/div><\/div><\/div><div class=\"wpb_column vc_column_container vc_col-sm-4\"><div class=\"vc_column-inner\"><div class=\"wpb_wrapper\"><a href=\"https:\/\/yektaenerji.com\/en\/hizmetlerimiz-2323\/spo-raporlama\/\">\n    <div class=\"service-box\">\n        <img decoding=\"async\" src=\"https:\/\/yektaenerji.com\/wp-content\/uploads\/2023\/08\/spo.jpg\" alt=\"service\">        <div class=\"content-box\">\n            <h5>SPO Reporting<\/h5>\n            <p>We present the current performance of the facility to you by preparing system performance reports based on the radiation data obtained from the measurement<\/p>\n            <a class=\"link-box\" href=\"https:\/\/yektaenerji.com\/en\/hizmetlerimiz-2323\/spo-raporlama\/\" target=\"_self\">Read More<\/a>        <\/div>\n    <\/div>\n\n    <\/a><\/div><\/div><\/div><div class=\"wpb_column vc_column_container vc_col-sm-4\"><div class=\"vc_column-inner\"><div class=\"wpb_wrapper\"><a href=\"https:\/\/yektaenerji.com\/en\/hizmetlerimiz-2323\/ariza-tespit-ve-onarim\/\">\n    <div class=\"service-box\">\n        <img decoding=\"async\" src=\"https:\/\/yektaenerji.com\/wp-content\/uploads\/2023\/08\/Ariza-Tespit-ve-Onarim.jpg\" alt=\"service\">        <div class=\"content-box\">\n            <h5>Fault Detection and Repairing<\/h5>\n            <p>In the event of any malfunction that affects production at the renewable energy facility (GES), if a fault occurs, it is reported through our remote monitoring system called EVIS. The fault...<\/p>\n            <a class=\"link-box\" href=\"https:\/\/yektaenerji.com\/en\/hizmetlerimiz-2323\/ariza-tespit-ve-onarim\/\" target=\"_self\">Read More<\/a>        <\/div>\n    <\/div>\n\n    <\/a><\/div><\/div><\/div><\/div><\/div><\/section><section class=\"wpb_row vc_row-fluid\"><div class=\"container\"><div class=\"vc_row\"><div class=\"wpb_column vc_column_container vc_col-sm-4\"><div class=\"vc_column-inner\"><div class=\"wpb_wrapper\"><a href=\"https:\/\/yektaenerji.com\/en\/hizmetlerimiz-2323\/uzaktan-izleme-ve-analiz\/\">\n    <div class=\"service-box\">\n        <img decoding=\"async\" src=\"https:\/\/yektaenerji.com\/wp-content\/uploads\/2023\/08\/uzaktan.jpg\" alt=\"service\">        <div class=\"content-box\">\n            <h5>Remote Monitoring and Analysis<\/h5>\n            <p>All critical equipment and parameters related to your renewable energy facility (GES) are continuously monitored in detail 24\/7 throughout the duration of the contract via the Energy ...<\/p>\n            <a class=\"link-box\" href=\"https:\/\/yektaenerji.com\/en\/hizmetlerimiz-2323\/uzaktan-izleme-ve-analiz\/\" target=\"_self\">Read More<\/a>        <\/div>\n    <\/div>\n\n    <\/a><\/div><\/div><\/div><div class=\"wpb_column vc_column_container vc_col-sm-4\"><div class=\"vc_column-inner\"><div class=\"wpb_wrapper\"><a href=\"https:\/\/yektaenerji.com\/en\/hizmetlerimiz-2323\/garanti-takibi\/\">\n    <div class=\"service-box\">\n        <img decoding=\"async\" src=\"https:\/\/yektaenerji.com\/wp-content\/uploads\/2023\/08\/garantitakibi-2.jpeg\" alt=\"service\">        <div class=\"content-box\">\n            <h5>Warranty Tracking<\/h5>\n            <p>During the installation of your facility, the devices and equipment used are sourced from various manufacturers, each with different warranty...<\/p>\n            <a class=\"link-box\" href=\"https:\/\/yektaenerji.com\/en\/hizmetlerimiz-2323\/garanti-takibi\/\" target=\"_self\">Read More<\/a>        <\/div>\n    <\/div>\n\n    <\/a><\/div><\/div><\/div><div class=\"wpb_column vc_column_container vc_col-sm-4\"><div class=\"vc_column-inner\"><div class=\"wpb_wrapper\"><a href=\"https:\/\/yektaenerji.com\/en\/hizmetlerimiz-2323\/panel-temizligi\/\">\n    <div class=\"service-box\">\n        <img decoding=\"async\" src=\"https:\/\/yektaenerji.com\/wp-content\/uploads\/2023\/08\/d5noZKK.jpg\" alt=\"service\">        <div class=\"content-box\">\n            <h5>Panel Cleaning<\/h5>\n            <p>We ensure necessary checks on the panels and, if needed, arrange for cleaning operations.<\/p>\n            <a class=\"link-box\" href=\"https:\/\/yektaenerji.com\/en\/hizmetlerimiz-2323\/panel-temizligi\/\" target=\"_self\">Read More<\/a>        <\/div>\n    <\/div>\n\n    <\/a><\/div><\/div><\/div><\/div><\/div><\/section><section class=\"wpb_row vc_row-fluid\"><div class=\"container\"><div class=\"vc_row\"><div class=\"wpb_column vc_column_container vc_col-sm-4\"><div class=\"vc_column-inner\"><div class=\"wpb_wrapper\"><a href=\"https:\/\/yektaenerji.com\/en\/hizmetlerimiz-2323\/stok-yonetimi\/\">\n    <div class=\"service-box\">\n        <img decoding=\"async\" src=\"https:\/\/yektaenerji.com\/wp-content\/uploads\/2023\/08\/hQ5fzhh.jpg\" alt=\"service\">        <div class=\"content-box\">\n            <h5>Inventory Management<\/h5>\n            <p>Even though you procure materials that might be needed in the future during the installation of your facility and stock them, keeping track of the status of spare parts in your ...<\/p>\n            <a class=\"link-box\" href=\"https:\/\/yektaenerji.com\/en\/hizmetlerimiz-2323\/stok-yonetimi\/\" target=\"_self\">Read More<\/a>        <\/div>\n    <\/div>\n\n    <\/a><\/div><\/div><\/div><div class=\"wpb_column vc_column_container vc_col-sm-4\"><div class=\"vc_column-inner\"><div class=\"wpb_wrapper\"><a href=\"https:\/\/yektaenerji.com\/en\/hizmetlerimiz-2323\/urun-tedariki\/\">\n    <div class=\"service-box\">\n        <img decoding=\"async\" src=\"https:\/\/yektaenerji.com\/wp-content\/uploads\/2023\/08\/asaS2LP.jpg\" alt=\"service\">        <div class=\"content-box\">\n            <h5>Product Procurement<\/h5>\n            <p>In cases where the devices and equipment in your facility experience failures and replacement within warranty is not possible, procuring....<\/p>\n            <a class=\"link-box\" href=\"https:\/\/yektaenerji.com\/en\/hizmetlerimiz-2323\/urun-tedariki\/\" target=\"_self\">Read More<\/a>        <\/div>\n    <\/div>\n\n    <\/a><\/div><\/div><\/div><div class=\"wpb_column vc_column_container vc_col-sm-4\"><div class=\"vc_column-inner\"><div class=\"wpb_wrapper\"><a href=\"https:\/\/yektaenerji.com\/en\/hizmetlerimiz-2323\/yabani-ot-ile-mucadele\/\">\n    <div class=\"service-box\">\n        <img decoding=\"async\" src=\"https:\/\/yektaenerji.com\/wp-content\/uploads\/2023\/08\/JzArdOX.jpg\" alt=\"service\">        <div class=\"content-box\">\n            <h5>Preventing Weeds<\/h5>\n            <p>In order to prevent potential production losses due to plant growth observed during field inspections, we apply regional spraying or mowing ...<\/p>\n            <a class=\"link-box\" href=\"https:\/\/yektaenerji.com\/en\/hizmetlerimiz-2323\/yabani-ot-ile-mucadele\/\" target=\"_self\">Read More<\/a>        <\/div>\n    <\/div>\n\n    <\/a><\/div><\/div><\/div><\/div><\/div><\/section>","protected":false},"excerpt":{"rendered":"Dan\u0131\u015fmanl\u0131k Projelendirme &#038; M\u00fchendislik EPC Denetim EPC Anahtar Teslim Sat\u0131n Alma ve Tedarik \u0130\u015fletme &#038; Bak\u0131m Termal Drone ile Denetleme \u0130\u015eLETME &amp; BAKIM YEKTA Enerji, GES santrallerinin teknik i\u015fletmecili\u011finin yan\u0131 s\u0131ra ticari olarak i\u015fletilmesi ve bak\u0131m hizmetlerini de sunmaktad\u0131r. G\u00fcne\u015f Elektrik Santrallerinin periyodik bak\u0131mlar\u0131, ar\u0131zalara m\u00fcdahale ve rutin kontroller YEKTA Enerji\u2019nin kendi b\u00fcnyesindeki personeller taraf\u0131ndan [...]","protected":false},"author":1,"featured_media":0,"parent":0,"menu_order":0,"comment_status":"closed","ping_status":"closed","template":"","meta":{"footnotes":""},"class_list":["post-22413","page","type-page","status-publish","hentry"],"yoast_head":"<!-- This site is optimized with the Yoast SEO Premium plugin v17.8 (Yoast SEO v20.12) - https:\/\/yoast.com\/wordpress\/plugins\/seo\/ -->\n<title>\u0130\u015fletme &amp; Bak\u0131m - Yekta Enerji<\/title>\n<meta name=\"robots\" content=\"index, follow, max-snippet:-1, max-image-preview:large, max-video-preview:-1\" \/>\n<link rel=\"canonical\" href=\"https:\/\/yektaenerji.com\/en\/isletme-bakim\/\" \/>\n<meta property=\"og:locale\" content=\"en_US\" \/>\n<meta property=\"og:type\" content=\"article\" \/>\n<meta property=\"og:title\" content=\"\u0130\u015fletme &amp; Bak\u0131m\" \/>\n<meta property=\"og:url\" content=\"https:\/\/yektaenerji.com\/en\/isletme-bakim\/\" \/>\n<meta property=\"og:site_name\" content=\"Yekta Enerji\" \/>\n<meta property=\"article:modified_time\" content=\"2023-08-09T16:54:06+00:00\" \/>\n<meta name=\"twitter:card\" content=\"summary_large_image\" \/>\n<meta name=\"twitter:label1\" content=\"Est. reading time\" \/>\n\t<meta name=\"twitter:data1\" content=\"2 minutes\" \/>\n<script type=\"application\/ld+json\" class=\"yoast-schema-graph\">{\"@context\":\"https:\/\/schema.org\",\"@graph\":[{\"@type\":\"WebPage\",\"@id\":\"https:\/\/yektaenerji.com\/isletme-bakim\/\",\"url\":\"https:\/\/yektaenerji.com\/isletme-bakim\/\",\"name\":\"\u0130\u015fletme & Bak\u0131m - Yekta Enerji\",\"isPartOf\":{\"@id\":\"https:\/\/yektaenerji.com\/#website\"},\"datePublished\":\"2023-08-03T08:25:08+00:00\",\"dateModified\":\"2023-08-09T16:54:06+00:00\",\"breadcrumb\":{\"@id\":\"https:\/\/yektaenerji.com\/isletme-bakim\/#breadcrumb\"},\"inLanguage\":\"en-US\",\"potentialAction\":[{\"@type\":\"ReadAction\",\"target\":[\"https:\/\/yektaenerji.com\/isletme-bakim\/\"]}]},{\"@type\":\"BreadcrumbList\",\"@id\":\"https:\/\/yektaenerji.com\/isletme-bakim\/#breadcrumb\",\"itemListElement\":[{\"@type\":\"ListItem\",\"position\":1,\"name\":\"Home\",\"item\":\"https:\/\/yektaenerji.com\/\"},{\"@type\":\"ListItem\",\"position\":2,\"name\":\"\u0130\u015fletme &#038; Bak\u0131m\"}]},{\"@type\":\"WebSite\",\"@id\":\"https:\/\/yektaenerji.com\/#website\",\"url\":\"https:\/\/yektaenerji.com\/\",\"name\":\"Yekta Enerji\",\"description\":\"T\u00fcm T\u00fcrkiyeye Ye\u015fil Enerji\",\"publisher\":{\"@id\":\"https:\/\/yektaenerji.com\/#organization\"},\"potentialAction\":[{\"@type\":\"SearchAction\",\"target\":{\"@type\":\"EntryPoint\",\"urlTemplate\":\"https:\/\/yektaenerji.com\/?s={search_term_string}\"},\"query-input\":\"required name=search_term_string\"}],\"inLanguage\":\"en-US\"},{\"@type\":\"Organization\",\"@id\":\"https:\/\/yektaenerji.com\/#organization\",\"name\":\"Yekta Enerji Hizmetleri\",\"url\":\"https:\/\/yektaenerji.com\/\",\"logo\":{\"@type\":\"ImageObject\",\"inLanguage\":\"en-US\",\"@id\":\"https:\/\/yektaenerji.com\/#\/schema\/logo\/image\/\",\"url\":\"http:\/\/www.yektaenerji.com\/wp-content\/uploads\/2022\/06\/yekta_enerji.png\",\"contentUrl\":\"http:\/\/www.yektaenerji.com\/wp-content\/uploads\/2022\/06\/yekta_enerji.png\",\"width\":1831,\"height\":541,\"caption\":\"Yekta Enerji Hizmetleri\"},\"image\":{\"@id\":\"https:\/\/yektaenerji.com\/#\/schema\/logo\/image\/\"}}]}<\/script>\n<!-- \/ Yoast SEO Premium plugin. -->","yoast_head_json":{"title":"\u0130\u015fletme & Bak\u0131m - Yekta Enerji","robots":{"index":"index","follow":"follow","max-snippet":"max-snippet:-1","max-image-preview":"max-image-preview:large","max-video-preview":"max-video-preview:-1"},"canonical":"https:\/\/yektaenerji.com\/en\/isletme-bakim\/","og_locale":"en_US","og_type":"article","og_title":"\u0130\u015fletme & Bak\u0131m","og_url":"https:\/\/yektaenerji.com\/en\/isletme-bakim\/","og_site_name":"Yekta Enerji","article_modified_time":"2023-08-09T16:54:06+00:00","twitter_card":"summary_large_image","twitter_misc":{"Est. reading time":"2 minutes"},"schema":{"@context":"https:\/\/schema.org","@graph":[{"@type":"WebPage","@id":"https:\/\/yektaenerji.com\/isletme-bakim\/","url":"https:\/\/yektaenerji.com\/isletme-bakim\/","name":"\u0130\u015fletme & Bak\u0131m - Yekta Enerji","isPartOf":{"@id":"https:\/\/yektaenerji.com\/#website"},"datePublished":"2023-08-03T08:25:08+00:00","dateModified":"2023-08-09T16:54:06+00:00","breadcrumb":{"@id":"https:\/\/yektaenerji.com\/isletme-bakim\/#breadcrumb"},"inLanguage":"en-US","potentialAction":[{"@type":"ReadAction","target":["https:\/\/yektaenerji.com\/isletme-bakim\/"]}]},{"@type":"BreadcrumbList","@id":"https:\/\/yektaenerji.com\/isletme-bakim\/#breadcrumb","itemListElement":[{"@type":"ListItem","position":1,"name":"Home","item":"https:\/\/yektaenerji.com\/"},{"@type":"ListItem","position":2,"name":"\u0130\u015fletme &#038; Bak\u0131m"}]},{"@type":"WebSite","@id":"https:\/\/yektaenerji.com\/#website","url":"https:\/\/yektaenerji.com\/","name":"Yekta Enerji","description":"T\u00fcm T\u00fcrkiyeye Ye\u015fil Enerji","publisher":{"@id":"https:\/\/yektaenerji.com\/#organization"},"potentialAction":[{"@type":"SearchAction","target":{"@type":"EntryPoint","urlTemplate":"https:\/\/yektaenerji.com\/?s={search_term_string}"},"query-input":"required name=search_term_string"}],"inLanguage":"en-US"},{"@type":"Organization","@id":"https:\/\/yektaenerji.com\/#organization","name":"Yekta Enerji Hizmetleri","url":"https:\/\/yektaenerji.com\/","logo":{"@type":"ImageObject","inLanguage":"en-US","@id":"https:\/\/yektaenerji.com\/#\/schema\/logo\/image\/","url":"http:\/\/www.yektaenerji.com\/wp-content\/uploads\/2022\/06\/yekta_enerji.png","contentUrl":"http:\/\/www.yektaenerji.com\/wp-content\/uploads\/2022\/06\/yekta_enerji.png","width":1831,"height":541,"caption":"Yekta Enerji Hizmetleri"},"image":{"@id":"https:\/\/yektaenerji.com\/#\/schema\/logo\/image\/"}}]}},"_links":{"self":[{"href":"https:\/\/yektaenerji.com\/en\/wp-json\/wp\/v2\/pages\/22413","targetHints":{"allow":["GET"]}}],"collection":[{"href":"https:\/\/yektaenerji.com\/en\/wp-json\/wp\/v2\/pages"}],"about":[{"href":"https:\/\/yektaenerji.com\/en\/wp-json\/wp\/v2\/types\/page"}],"author":[{"embeddable":true,"href":"https:\/\/yektaenerji.com\/en\/wp-json\/wp\/v2\/users\/1"}],"replies":[{"embeddable":true,"href":"https:\/\/yektaenerji.com\/en\/wp-json\/wp\/v2\/comments?post=22413"}],"version-history":[{"count":7,"href":"https:\/\/yektaenerji.com\/en\/wp-json\/wp\/v2\/pages\/22413\/revisions"}],"predecessor-version":[{"id":23105,"href":"https:\/\/yektaenerji.com\/en\/wp-json\/wp\/v2\/pages\/22413\/revisions\/23105"}],"wp:attachment":[{"href":"https:\/\/yektaenerji.com\/en\/wp-json\/wp\/v2\/media?parent=22413"}],"curies":[{"name":"wp","href":"https:\/\/api.w.org\/{rel}","templated":true}]}}