{"id":22415,"date":"2023-08-03T11:25:44","date_gmt":"2023-08-03T08:25:44","guid":{"rendered":"https:\/\/yektaenerji.com\/?page_id=22415"},"modified":"2023-08-04T16:15:00","modified_gmt":"2023-08-04T13:15:00","slug":"termal-drone-hizmeti","status":"publish","type":"page","link":"https:\/\/yektaenerji.com\/en\/termal-drone-hizmeti\/","title":{"rendered":"Auditing with Termal Drone"},"content":{"rendered":"<section class=\"wpb_row vc_row-fluid vc_custom_1542188489306\"><div class=\"container\"><div class=\"vc_row\"><div class=\"lg-right40 wpb_column vc_column_container vc_col-sm-12 vc_col-md-3\"><div class=\"vc_column-inner\"><div class=\"wpb_wrapper\"><div id=\"soksok\" class=\"vc_wp_custommenu wpb_content_element hizmen\"><div class=\"widget widget_nav_menu\"><div class=\"menu-hizmenu-container\"><ul id=\"menu-hizmenu\" class=\"menu\"><li id=\"menu-item-22642\" class=\"menu-item menu-item-type-post_type menu-item-object-page menu-item-22642\"><a href=\"https:\/\/yektaenerji.com\/en\/danismanlik\/\">Consultancy<\/a><\/li>\n<li id=\"menu-item-22643\" class=\"menu-item menu-item-type-post_type menu-item-object-page menu-item-22643\"><a href=\"https:\/\/yektaenerji.com\/en\/projelendirme-muhendislik\/\">Project Planning &amp; Engineering<\/a><\/li>\n<li id=\"menu-item-22644\" class=\"menu-item menu-item-type-post_type menu-item-object-page menu-item-22644\"><a href=\"https:\/\/yektaenerji.com\/en\/epc-denetim\/\">EPC Audit<\/a><\/li>\n<li id=\"menu-item-22645\" class=\"menu-item menu-item-type-post_type menu-item-object-page menu-item-22645\"><a href=\"https:\/\/yektaenerji.com\/en\/epc-anahtar-teslim\/\">EPC Turn-Key Solutions<\/a><\/li>\n<li id=\"menu-item-22646\" class=\"menu-item menu-item-type-post_type menu-item-object-page menu-item-22646\"><a href=\"https:\/\/yektaenerji.com\/en\/satin-alma-tedarik\/\">Purchasing &amp; Supply<\/a><\/li>\n<li id=\"menu-item-22647\" class=\"menu-item menu-item-type-post_type menu-item-object-page menu-item-22647\"><a href=\"https:\/\/yektaenerji.com\/en\/isletme-bakim\/\">Operating &amp; Maintenance<\/a><\/li>\n<li id=\"menu-item-22648\" class=\"menu-item menu-item-type-post_type menu-item-object-page menu-item-22648\"><a href=\"https:\/\/yektaenerji.com\/en\/termal-drone-hizmeti\/\">Auditing with Termal Drone<\/a><\/li>\n<\/ul><\/div><\/div><\/div><\/div><\/div><\/div><div class=\"wpb_column vc_column_container vc_col-sm-12 vc_col-md-8\"><div class=\"vc_column-inner\"><div class=\"wpb_wrapper\"><h2 style=\"font-size: 18px;line-height: 30px;text-align: left\" class=\"vc_custom_heading vc_custom_1691051166442\" >TERMAL DRONE H\u0130ZMET\u0130<\/h2>\n\t<div  class=\"wpb_single_image wpb_content_element vc_align_left  vc_custom_1691051191719\">\n\t\t\n\t\t<figure class=\"wpb_wrapper vc_figure\">\n\t\t\t<div class=\"vc_single_image-wrapper   vc_box_border_grey\"><img loading=\"lazy\" decoding=\"async\" width=\"1200\" height=\"800\" src=\"https:\/\/yektaenerji.com\/wp-content\/uploads\/2023\/08\/termal.jpg\" class=\"vc_single_image-img attachment-full\" alt=\"\" title=\"termal\" srcset=\"https:\/\/yektaenerji.com\/wp-content\/uploads\/2023\/08\/termal.jpg 1200w, https:\/\/yektaenerji.com\/wp-content\/uploads\/2023\/08\/termal-300x200.jpg 300w, https:\/\/yektaenerji.com\/wp-content\/uploads\/2023\/08\/termal-1024x683.jpg 1024w, https:\/\/yektaenerji.com\/wp-content\/uploads\/2023\/08\/termal-768x512.jpg 768w\" sizes=\"auto, (max-width: 1200px) 100vw, 1200px\" \/><\/div>\n\t\t<\/figure>\n\t<\/div>\n\n\t<div class=\"wpb_text_column wpb_content_element\" >\n\t\t<div class=\"wpb_wrapper\">\n\t\t\t<p>G\u00fcn\u00fcm\u00fczde GES sahalar\u0131nda biyolojik, \u00e7evresel fakt\u00f6rler ve teknik ar\u0131zalar \u00fcretim kay\u0131plar\u0131na neden olmaktad\u0131r. YEKTA Enerji olarak GES sahas\u0131 \u00fcretim kay\u0131p ve hasarlar\u0131na y\u00f6nelik \u00e7\u00f6z\u00fcmlerimiz aras\u0131nda GES sahas\u0131 termal alg\u0131lama, izleme ve ar\u0131za tespit hizmetlerimiz mevcuttur. Normal \u015fartlarda saatler hatta g\u00fcnler alacak olan bu i\u015flemler uzman ticari \u0130HA lisansl\u0131 pilotlar\u0131m\u0131z taraf\u0131ndan, taraf\u0131m\u0131za ait insans\u0131z hava ara\u00e7lar\u0131 ile santrallerin termal g\u00f6r\u00fcnt\u00fcleme i\u015flemleri \u00e7ok k\u0131sa s\u00fcrede ger\u00e7ekle\u015ftirilmektedir. PV mod\u00fcllerdeki k\u0131r\u0131k ve ar\u0131zal\u0131 paneller h\u0131zl\u0131 bir \u015fekilde tespit edilir ve santrallerin yapay zeka ile 3 boyutlu termal haritas\u0131 olu\u015fturularak taraf\u0131n\u0131za sunulur. Ayl\u0131k ve y\u0131ll\u0131k termal denetimler, GES sahas\u0131n\u0131n \u00f6mr\u00fcn\u00fc uzat\u0131r, sistem performans\u0131n\u0131 iyile\u015ftirir, kay\u0131plar\u0131\u00a0en\u00a0aza\u00a0indirir.<\/p>\n\n\t\t<\/div>\n\t<\/div>\n\n    <div class=\"project-slider projects row  style-2\" data-show=\"2\" data-auto=\"true\" data-arrow=\"true\" data-dot=\"\">\n            <\/div>\n\n    <\/div><\/div><\/div><\/div><\/div><\/section>","protected":false},"excerpt":{"rendered":"Dan\u0131\u015fmanl\u0131k Projelendirme &#038; M\u00fchendislik EPC Denetim EPC Anahtar Teslim Sat\u0131n Alma ve Tedarik \u0130\u015fletme &#038; Bak\u0131m Termal Drone ile Denetleme TERMAL DRONE H\u0130ZMET\u0130 G\u00fcn\u00fcm\u00fczde GES sahalar\u0131nda biyolojik, \u00e7evresel fakt\u00f6rler ve teknik ar\u0131zalar \u00fcretim kay\u0131plar\u0131na neden olmaktad\u0131r. YEKTA Enerji olarak GES sahas\u0131 \u00fcretim kay\u0131p ve hasarlar\u0131na y\u00f6nelik \u00e7\u00f6z\u00fcmlerimiz aras\u0131nda GES sahas\u0131 termal alg\u0131lama, izleme ve ar\u0131za [...]","protected":false},"author":1,"featured_media":0,"parent":0,"menu_order":0,"comment_status":"closed","ping_status":"closed","template":"","meta":{"footnotes":""},"class_list":["post-22415","page","type-page","status-publish","hentry"],"yoast_head":"<!-- This site is optimized with the Yoast SEO Premium plugin v17.8 (Yoast SEO v20.12) - https:\/\/yoast.com\/wordpress\/plugins\/seo\/ -->\n<title>Termal Drone ile Denetleme - Yekta Enerji<\/title>\n<meta name=\"robots\" content=\"index, follow, max-snippet:-1, max-image-preview:large, max-video-preview:-1\" \/>\n<link rel=\"canonical\" href=\"https:\/\/yektaenerji.com\/en\/termal-drone-hizmeti\/\" \/>\n<meta property=\"og:locale\" content=\"en_US\" \/>\n<meta property=\"og:type\" content=\"article\" \/>\n<meta property=\"og:title\" content=\"Termal Drone ile Denetleme\" \/>\n<meta property=\"og:url\" content=\"https:\/\/yektaenerji.com\/en\/termal-drone-hizmeti\/\" \/>\n<meta property=\"og:site_name\" content=\"Yekta Enerji\" \/>\n<meta property=\"article:modified_time\" content=\"2023-08-04T13:15:00+00:00\" \/>\n<meta name=\"twitter:card\" content=\"summary_large_image\" \/>\n<meta name=\"twitter:label1\" content=\"Est. reading time\" \/>\n\t<meta name=\"twitter:data1\" content=\"2 minutes\" \/>\n<script type=\"application\/ld+json\" class=\"yoast-schema-graph\">{\"@context\":\"https:\/\/schema.org\",\"@graph\":[{\"@type\":\"WebPage\",\"@id\":\"https:\/\/yektaenerji.com\/termal-drone-hizmeti\/\",\"url\":\"https:\/\/yektaenerji.com\/termal-drone-hizmeti\/\",\"name\":\"Termal Drone ile Denetleme - Yekta Enerji\",\"isPartOf\":{\"@id\":\"https:\/\/yektaenerji.com\/#website\"},\"datePublished\":\"2023-08-03T08:25:44+00:00\",\"dateModified\":\"2023-08-04T13:15:00+00:00\",\"breadcrumb\":{\"@id\":\"https:\/\/yektaenerji.com\/termal-drone-hizmeti\/#breadcrumb\"},\"inLanguage\":\"en-US\",\"potentialAction\":[{\"@type\":\"ReadAction\",\"target\":[\"https:\/\/yektaenerji.com\/termal-drone-hizmeti\/\"]}]},{\"@type\":\"BreadcrumbList\",\"@id\":\"https:\/\/yektaenerji.com\/termal-drone-hizmeti\/#breadcrumb\",\"itemListElement\":[{\"@type\":\"ListItem\",\"position\":1,\"name\":\"Home\",\"item\":\"https:\/\/yektaenerji.com\/\"},{\"@type\":\"ListItem\",\"position\":2,\"name\":\"Termal Drone ile Denetleme\"}]},{\"@type\":\"WebSite\",\"@id\":\"https:\/\/yektaenerji.com\/#website\",\"url\":\"https:\/\/yektaenerji.com\/\",\"name\":\"Yekta Enerji\",\"description\":\"T\u00fcm T\u00fcrkiyeye Ye\u015fil Enerji\",\"publisher\":{\"@id\":\"https:\/\/yektaenerji.com\/#organization\"},\"potentialAction\":[{\"@type\":\"SearchAction\",\"target\":{\"@type\":\"EntryPoint\",\"urlTemplate\":\"https:\/\/yektaenerji.com\/?s={search_term_string}\"},\"query-input\":\"required name=search_term_string\"}],\"inLanguage\":\"en-US\"},{\"@type\":\"Organization\",\"@id\":\"https:\/\/yektaenerji.com\/#organization\",\"name\":\"Yekta Enerji Hizmetleri\",\"url\":\"https:\/\/yektaenerji.com\/\",\"logo\":{\"@type\":\"ImageObject\",\"inLanguage\":\"en-US\",\"@id\":\"https:\/\/yektaenerji.com\/#\/schema\/logo\/image\/\",\"url\":\"http:\/\/www.yektaenerji.com\/wp-content\/uploads\/2022\/06\/yekta_enerji.png\",\"contentUrl\":\"http:\/\/www.yektaenerji.com\/wp-content\/uploads\/2022\/06\/yekta_enerji.png\",\"width\":1831,\"height\":541,\"caption\":\"Yekta Enerji Hizmetleri\"},\"image\":{\"@id\":\"https:\/\/yektaenerji.com\/#\/schema\/logo\/image\/\"}}]}<\/script>\n<!-- \/ Yoast SEO Premium plugin. -->","yoast_head_json":{"title":"Termal Drone ile Denetleme - Yekta Enerji","robots":{"index":"index","follow":"follow","max-snippet":"max-snippet:-1","max-image-preview":"max-image-preview:large","max-video-preview":"max-video-preview:-1"},"canonical":"https:\/\/yektaenerji.com\/en\/termal-drone-hizmeti\/","og_locale":"en_US","og_type":"article","og_title":"Termal Drone ile Denetleme","og_url":"https:\/\/yektaenerji.com\/en\/termal-drone-hizmeti\/","og_site_name":"Yekta Enerji","article_modified_time":"2023-08-04T13:15:00+00:00","twitter_card":"summary_large_image","twitter_misc":{"Est. reading time":"2 minutes"},"schema":{"@context":"https:\/\/schema.org","@graph":[{"@type":"WebPage","@id":"https:\/\/yektaenerji.com\/termal-drone-hizmeti\/","url":"https:\/\/yektaenerji.com\/termal-drone-hizmeti\/","name":"Termal Drone ile Denetleme - Yekta Enerji","isPartOf":{"@id":"https:\/\/yektaenerji.com\/#website"},"datePublished":"2023-08-03T08:25:44+00:00","dateModified":"2023-08-04T13:15:00+00:00","breadcrumb":{"@id":"https:\/\/yektaenerji.com\/termal-drone-hizmeti\/#breadcrumb"},"inLanguage":"en-US","potentialAction":[{"@type":"ReadAction","target":["https:\/\/yektaenerji.com\/termal-drone-hizmeti\/"]}]},{"@type":"BreadcrumbList","@id":"https:\/\/yektaenerji.com\/termal-drone-hizmeti\/#breadcrumb","itemListElement":[{"@type":"ListItem","position":1,"name":"Home","item":"https:\/\/yektaenerji.com\/"},{"@type":"ListItem","position":2,"name":"Termal Drone ile Denetleme"}]},{"@type":"WebSite","@id":"https:\/\/yektaenerji.com\/#website","url":"https:\/\/yektaenerji.com\/","name":"Yekta Enerji","description":"T\u00fcm T\u00fcrkiyeye Ye\u015fil Enerji","publisher":{"@id":"https:\/\/yektaenerji.com\/#organization"},"potentialAction":[{"@type":"SearchAction","target":{"@type":"EntryPoint","urlTemplate":"https:\/\/yektaenerji.com\/?s={search_term_string}"},"query-input":"required name=search_term_string"}],"inLanguage":"en-US"},{"@type":"Organization","@id":"https:\/\/yektaenerji.com\/#organization","name":"Yekta Enerji Hizmetleri","url":"https:\/\/yektaenerji.com\/","logo":{"@type":"ImageObject","inLanguage":"en-US","@id":"https:\/\/yektaenerji.com\/#\/schema\/logo\/image\/","url":"http:\/\/www.yektaenerji.com\/wp-content\/uploads\/2022\/06\/yekta_enerji.png","contentUrl":"http:\/\/www.yektaenerji.com\/wp-content\/uploads\/2022\/06\/yekta_enerji.png","width":1831,"height":541,"caption":"Yekta Enerji Hizmetleri"},"image":{"@id":"https:\/\/yektaenerji.com\/#\/schema\/logo\/image\/"}}]}},"_links":{"self":[{"href":"https:\/\/yektaenerji.com\/en\/wp-json\/wp\/v2\/pages\/22415","targetHints":{"allow":["GET"]}}],"collection":[{"href":"https:\/\/yektaenerji.com\/en\/wp-json\/wp\/v2\/pages"}],"about":[{"href":"https:\/\/yektaenerji.com\/en\/wp-json\/wp\/v2\/types\/page"}],"author":[{"embeddable":true,"href":"https:\/\/yektaenerji.com\/en\/wp-json\/wp\/v2\/users\/1"}],"replies":[{"embeddable":true,"href":"https:\/\/yektaenerji.com\/en\/wp-json\/wp\/v2\/comments?post=22415"}],"version-history":[{"count":0,"href":"https:\/\/yektaenerji.com\/en\/wp-json\/wp\/v2\/pages\/22415\/revisions"}],"wp:attachment":[{"href":"https:\/\/yektaenerji.com\/en\/wp-json\/wp\/v2\/media?parent=22415"}],"curies":[{"name":"wp","href":"https:\/\/api.w.org\/{rel}","templated":true}]}}