{"id":356,"date":"2018-11-14T09:40:47","date_gmt":"2018-11-14T09:40:47","guid":{"rendered":"http:\/\/localhost\/industro\/?page_id=356"},"modified":"2023-08-07T15:17:06","modified_gmt":"2023-08-07T12:17:06","slug":"periyodik-bakim-ve-kontrol","status":"publish","type":"page","link":"https:\/\/yektaenerji.com\/en\/hizmetlerimiz-2323\/periyodik-bakim-ve-kontrol\/","title":{"rendered":"Periodic Maintenance and Control"},"content":{"rendered":"<section class=\"wpb_row vc_row-fluid vc_custom_1542188489306\"><div class=\"container\"><div class=\"vc_row\"><div class=\"lg-right40 wpb_column vc_column_container vc_col-sm-12 vc_col-md-3\"><div class=\"vc_column-inner\"><div class=\"wpb_wrapper\"><div  class=\"vc_wp_custommenu wpb_content_element\"><div class=\"widget widget_nav_menu\"><div class=\"menu-service-menu-container\"><ul id=\"menu-service-menu\" class=\"menu\"><li id=\"menu-item-833\" class=\"menu-item menu-item-type-post_type menu-item-object-page menu-item-833\"><a href=\"https:\/\/yektaenerji.com\/en\/hizmetlerimiz-2323\/periyodik-bakim-ve-kontrol\/\">Periodic Maintenance and Control<\/a><\/li>\n<li id=\"menu-item-836\" class=\"menu-item menu-item-type-post_type menu-item-object-page menu-item-836\"><a href=\"https:\/\/yektaenerji.com\/en\/hizmetlerimiz-2323\/spo-raporlama\/\">SPO Reporting<\/a><\/li>\n<li id=\"menu-item-835\" class=\"menu-item menu-item-type-post_type menu-item-object-page menu-item-835\"><a href=\"https:\/\/yektaenerji.com\/en\/hizmetlerimiz-2323\/ariza-tespit-ve-onarim\/\">Fault Detection and Repairing<\/a><\/li>\n<li id=\"menu-item-834\" class=\"menu-item menu-item-type-post_type menu-item-object-page menu-item-834\"><a href=\"https:\/\/yektaenerji.com\/en\/hizmetlerimiz-2323\/uzaktan-izleme-ve-analiz\/\">Remote Monitoring and Analysis<\/a><\/li>\n<li id=\"menu-item-997\" class=\"menu-item menu-item-type-post_type menu-item-object-page menu-item-997\"><a href=\"https:\/\/yektaenerji.com\/en\/hizmetlerimiz-2323\/garanti-takibi\/\">Warranty Tracking<\/a><\/li>\n<li id=\"menu-item-998\" class=\"menu-item menu-item-type-post_type menu-item-object-page menu-item-998\"><a href=\"https:\/\/yektaenerji.com\/en\/hizmetlerimiz-2323\/panel-temizligi\/\">Panel Cleaning<\/a><\/li>\n<li id=\"menu-item-999\" class=\"menu-item menu-item-type-post_type menu-item-object-page menu-item-999\"><a href=\"https:\/\/yektaenerji.com\/en\/hizmetlerimiz-2323\/stok-yonetimi\/\">Inventory Management<\/a><\/li>\n<li id=\"menu-item-1000\" class=\"menu-item menu-item-type-post_type menu-item-object-page menu-item-1000\"><a href=\"https:\/\/yektaenerji.com\/en\/hizmetlerimiz-2323\/urun-tedariki\/\">Product Procurement<\/a><\/li>\n<li id=\"menu-item-1001\" class=\"menu-item menu-item-type-post_type menu-item-object-page menu-item-1001\"><a href=\"https:\/\/yektaenerji.com\/en\/hizmetlerimiz-2323\/yabani-ot-ile-mucadele\/\">Preventing Weeds<\/a><\/li>\n<\/ul><\/div><\/div><\/div><\/div><\/div><\/div><div class=\"wpb_column vc_column_container vc_col-sm-12 vc_col-md-8\"><div class=\"vc_column-inner\"><div class=\"wpb_wrapper\"><h2 style=\"font-size: 18px;line-height: 30px;text-align: left\" class=\"vc_custom_heading vc_custom_1654566244231\" >Periodic Maintenance and Inspection\/Preventive Maintenance<\/h2>\n\t<div  class=\"wpb_single_image wpb_content_element vc_align_left  vc_custom_1691410624233\">\n\t\t\n\t\t<figure class=\"wpb_wrapper vc_figure\">\n\t\t\t<div class=\"vc_single_image-wrapper   vc_box_border_grey\"><img loading=\"lazy\" decoding=\"async\" width=\"1024\" height=\"600\" src=\"https:\/\/yektaenerji.com\/wp-content\/uploads\/2023\/08\/Periyodik-Bakim-ve-Kontrol.jpg\" class=\"vc_single_image-img attachment-full\" alt=\"\" title=\"Periyodik-Bakim-ve-Kontrol\" srcset=\"https:\/\/yektaenerji.com\/wp-content\/uploads\/2023\/08\/Periyodik-Bakim-ve-Kontrol.jpg 1024w, https:\/\/yektaenerji.com\/wp-content\/uploads\/2023\/08\/Periyodik-Bakim-ve-Kontrol-300x176.jpg 300w, https:\/\/yektaenerji.com\/wp-content\/uploads\/2023\/08\/Periyodik-Bakim-ve-Kontrol-768x450.jpg 768w\" sizes=\"auto, (max-width: 1024px) 100vw, 1024px\" \/><\/div>\n\t\t<\/figure>\n\t<\/div>\n\n\t<div class=\"wpb_text_column wpb_content_element\" >\n\t\t<div class=\"wpb_wrapper\">\n\t\t\t<p>A preventive periodic maintenance and inspection service plan is prepared in three separate tables: every 3 months, every 6 months, and every 1 year. These tables are presented to the investor. Within the framework of the prepared plan, periodic\/preventive maintenance is carried out to extend the life of the system, equipment, or machinery, and to proactively address potential faults. The performed maintenance is reported to the investor, aiming to achieve maximum performance in production.<\/p>\n\n\t\t<\/div>\n\t<\/div>\n\n    <div class=\"project-slider projects row  style-2\" data-show=\"2\" data-auto=\"true\" data-arrow=\"true\" data-dot=\"\">\n            <\/div>\n\n    <\/div><\/div><\/div><\/div><\/div><\/section>","protected":false},"excerpt":{"rendered":"Periyodik Bak\u0131m ve Kontrol SPO Raporlama Ar\u0131za Tespit ve Onar\u0131m Uzaktan \u0130zleme ve Analiz Garanti Takibi Panel Temizli\u011fi Stok Y\u00f6netimi \u00dcr\u00fcn Tedariki Yabani Ot ile M\u00fccadele Periyodik Bak\u0131m ve Kontrol\/\u00d6nleyici Bak\u0131m \u00d6nleyici periyodik bak\u0131m ve kontrol hizmeti plan\u0131 3 ayl\u0131k, 6 ayl\u0131k, ve 1 y\u0131ll\u0131k olmak \u00fczere 3 ayr\u0131 tablo halinde haz\u0131rlanarak yat\u0131r\u0131mc\u0131ya sunulur. Sistem, [...]","protected":false},"author":1,"featured_media":0,"parent":343,"menu_order":0,"comment_status":"closed","ping_status":"closed","template":"","meta":{"footnotes":""},"class_list":["post-356","page","type-page","status-publish","hentry"],"yoast_head":"<!-- This site is optimized with the Yoast SEO Premium plugin v17.8 (Yoast SEO v20.12) - https:\/\/yoast.com\/wordpress\/plugins\/seo\/ -->\n<title>Periyodik Bak\u0131m ve Kontrol - Yekta Enerji<\/title>\n<meta name=\"robots\" content=\"index, follow, max-snippet:-1, max-image-preview:large, max-video-preview:-1\" \/>\n<link rel=\"canonical\" href=\"https:\/\/yektaenerji.com\/en\/hizmetlerimiz-2323\/periyodik-bakim-ve-kontrol\/\" \/>\n<meta property=\"og:locale\" content=\"en_US\" \/>\n<meta property=\"og:type\" content=\"article\" \/>\n<meta property=\"og:title\" content=\"Periyodik Bak\u0131m ve Kontrol\" \/>\n<meta property=\"og:url\" content=\"https:\/\/yektaenerji.com\/en\/hizmetlerimiz-2323\/periyodik-bakim-ve-kontrol\/\" \/>\n<meta property=\"og:site_name\" content=\"Yekta Enerji\" \/>\n<meta property=\"article:modified_time\" content=\"2023-08-07T12:17:06+00:00\" \/>\n<meta name=\"twitter:card\" content=\"summary_large_image\" \/>\n<meta name=\"twitter:label1\" content=\"Est. reading time\" \/>\n\t<meta name=\"twitter:data1\" content=\"2 minutes\" \/>\n<script type=\"application\/ld+json\" class=\"yoast-schema-graph\">{\"@context\":\"https:\/\/schema.org\",\"@graph\":[{\"@type\":\"WebPage\",\"@id\":\"https:\/\/yektaenerji.com\/hizmetlerimiz-2323\/periyodik-bakim-ve-kontrol\/\",\"url\":\"https:\/\/yektaenerji.com\/hizmetlerimiz-2323\/periyodik-bakim-ve-kontrol\/\",\"name\":\"Periyodik Bak\u0131m ve Kontrol - Yekta Enerji\",\"isPartOf\":{\"@id\":\"https:\/\/yektaenerji.com\/#website\"},\"datePublished\":\"2018-11-14T09:40:47+00:00\",\"dateModified\":\"2023-08-07T12:17:06+00:00\",\"breadcrumb\":{\"@id\":\"https:\/\/yektaenerji.com\/hizmetlerimiz-2323\/periyodik-bakim-ve-kontrol\/#breadcrumb\"},\"inLanguage\":\"en-US\",\"potentialAction\":[{\"@type\":\"ReadAction\",\"target\":[\"https:\/\/yektaenerji.com\/hizmetlerimiz-2323\/periyodik-bakim-ve-kontrol\/\"]}]},{\"@type\":\"BreadcrumbList\",\"@id\":\"https:\/\/yektaenerji.com\/hizmetlerimiz-2323\/periyodik-bakim-ve-kontrol\/#breadcrumb\",\"itemListElement\":[{\"@type\":\"ListItem\",\"position\":1,\"name\":\"Home\",\"item\":\"https:\/\/yektaenerji.com\/\"},{\"@type\":\"ListItem\",\"position\":2,\"name\":\"Hizmetlerimiz\",\"item\":\"https:\/\/yektaenerji.com\/hizmetlerimiz-2323\/\"},{\"@type\":\"ListItem\",\"position\":3,\"name\":\"Periyodik Bak\u0131m ve Kontrol\"}]},{\"@type\":\"WebSite\",\"@id\":\"https:\/\/yektaenerji.com\/#website\",\"url\":\"https:\/\/yektaenerji.com\/\",\"name\":\"Yekta Enerji\",\"description\":\"T\u00fcm T\u00fcrkiyeye Ye\u015fil Enerji\",\"publisher\":{\"@id\":\"https:\/\/yektaenerji.com\/#organization\"},\"potentialAction\":[{\"@type\":\"SearchAction\",\"target\":{\"@type\":\"EntryPoint\",\"urlTemplate\":\"https:\/\/yektaenerji.com\/?s={search_term_string}\"},\"query-input\":\"required name=search_term_string\"}],\"inLanguage\":\"en-US\"},{\"@type\":\"Organization\",\"@id\":\"https:\/\/yektaenerji.com\/#organization\",\"name\":\"Yekta Enerji Hizmetleri\",\"url\":\"https:\/\/yektaenerji.com\/\",\"logo\":{\"@type\":\"ImageObject\",\"inLanguage\":\"en-US\",\"@id\":\"https:\/\/yektaenerji.com\/#\/schema\/logo\/image\/\",\"url\":\"http:\/\/www.yektaenerji.com\/wp-content\/uploads\/2022\/06\/yekta_enerji.png\",\"contentUrl\":\"http:\/\/www.yektaenerji.com\/wp-content\/uploads\/2022\/06\/yekta_enerji.png\",\"width\":1831,\"height\":541,\"caption\":\"Yekta Enerji Hizmetleri\"},\"image\":{\"@id\":\"https:\/\/yektaenerji.com\/#\/schema\/logo\/image\/\"}}]}<\/script>\n<!-- \/ Yoast SEO Premium plugin. -->","yoast_head_json":{"title":"Periyodik Bak\u0131m ve Kontrol - Yekta Enerji","robots":{"index":"index","follow":"follow","max-snippet":"max-snippet:-1","max-image-preview":"max-image-preview:large","max-video-preview":"max-video-preview:-1"},"canonical":"https:\/\/yektaenerji.com\/en\/hizmetlerimiz-2323\/periyodik-bakim-ve-kontrol\/","og_locale":"en_US","og_type":"article","og_title":"Periyodik Bak\u0131m ve Kontrol","og_url":"https:\/\/yektaenerji.com\/en\/hizmetlerimiz-2323\/periyodik-bakim-ve-kontrol\/","og_site_name":"Yekta Enerji","article_modified_time":"2023-08-07T12:17:06+00:00","twitter_card":"summary_large_image","twitter_misc":{"Est. reading time":"2 minutes"},"schema":{"@context":"https:\/\/schema.org","@graph":[{"@type":"WebPage","@id":"https:\/\/yektaenerji.com\/hizmetlerimiz-2323\/periyodik-bakim-ve-kontrol\/","url":"https:\/\/yektaenerji.com\/hizmetlerimiz-2323\/periyodik-bakim-ve-kontrol\/","name":"Periyodik Bak\u0131m ve Kontrol - Yekta Enerji","isPartOf":{"@id":"https:\/\/yektaenerji.com\/#website"},"datePublished":"2018-11-14T09:40:47+00:00","dateModified":"2023-08-07T12:17:06+00:00","breadcrumb":{"@id":"https:\/\/yektaenerji.com\/hizmetlerimiz-2323\/periyodik-bakim-ve-kontrol\/#breadcrumb"},"inLanguage":"en-US","potentialAction":[{"@type":"ReadAction","target":["https:\/\/yektaenerji.com\/hizmetlerimiz-2323\/periyodik-bakim-ve-kontrol\/"]}]},{"@type":"BreadcrumbList","@id":"https:\/\/yektaenerji.com\/hizmetlerimiz-2323\/periyodik-bakim-ve-kontrol\/#breadcrumb","itemListElement":[{"@type":"ListItem","position":1,"name":"Home","item":"https:\/\/yektaenerji.com\/"},{"@type":"ListItem","position":2,"name":"Hizmetlerimiz","item":"https:\/\/yektaenerji.com\/hizmetlerimiz-2323\/"},{"@type":"ListItem","position":3,"name":"Periyodik Bak\u0131m ve Kontrol"}]},{"@type":"WebSite","@id":"https:\/\/yektaenerji.com\/#website","url":"https:\/\/yektaenerji.com\/","name":"Yekta Enerji","description":"T\u00fcm T\u00fcrkiyeye Ye\u015fil Enerji","publisher":{"@id":"https:\/\/yektaenerji.com\/#organization"},"potentialAction":[{"@type":"SearchAction","target":{"@type":"EntryPoint","urlTemplate":"https:\/\/yektaenerji.com\/?s={search_term_string}"},"query-input":"required name=search_term_string"}],"inLanguage":"en-US"},{"@type":"Organization","@id":"https:\/\/yektaenerji.com\/#organization","name":"Yekta Enerji Hizmetleri","url":"https:\/\/yektaenerji.com\/","logo":{"@type":"ImageObject","inLanguage":"en-US","@id":"https:\/\/yektaenerji.com\/#\/schema\/logo\/image\/","url":"http:\/\/www.yektaenerji.com\/wp-content\/uploads\/2022\/06\/yekta_enerji.png","contentUrl":"http:\/\/www.yektaenerji.com\/wp-content\/uploads\/2022\/06\/yekta_enerji.png","width":1831,"height":541,"caption":"Yekta Enerji Hizmetleri"},"image":{"@id":"https:\/\/yektaenerji.com\/#\/schema\/logo\/image\/"}}]}},"_links":{"self":[{"href":"https:\/\/yektaenerji.com\/en\/wp-json\/wp\/v2\/pages\/356","targetHints":{"allow":["GET"]}}],"collection":[{"href":"https:\/\/yektaenerji.com\/en\/wp-json\/wp\/v2\/pages"}],"about":[{"href":"https:\/\/yektaenerji.com\/en\/wp-json\/wp\/v2\/types\/page"}],"author":[{"embeddable":true,"href":"https:\/\/yektaenerji.com\/en\/wp-json\/wp\/v2\/users\/1"}],"replies":[{"embeddable":true,"href":"https:\/\/yektaenerji.com\/en\/wp-json\/wp\/v2\/comments?post=356"}],"version-history":[{"count":0,"href":"https:\/\/yektaenerji.com\/en\/wp-json\/wp\/v2\/pages\/356\/revisions"}],"up":[{"embeddable":true,"href":"https:\/\/yektaenerji.com\/en\/wp-json\/wp\/v2\/pages\/343"}],"wp:attachment":[{"href":"https:\/\/yektaenerji.com\/en\/wp-json\/wp\/v2\/media?parent=356"}],"curies":[{"name":"wp","href":"https:\/\/api.w.org\/{rel}","templated":true}]}}